{"id":1002,"date":"2025-07-22T17:49:15","date_gmt":"2025-07-22T17:49:15","guid":{"rendered":"http:\/\/hudsoncreativehub.org\/?page_id=1002"},"modified":"2026-04-20T15:17:37","modified_gmt":"2026-04-20T15:17:37","slug":"make-a-donation","status":"publish","type":"page","link":"https:\/\/hudsoncreativehub.org\/fr\/make-a-donation\/","title":{"rendered":"Faire un don"},"content":{"rendered":"<!--themify_builder_content-->\n<div id=\"themify_builder_content-1002\" data-postid=\"1002\" class=\"themify_builder_content themify_builder_content-1002 themify_builder tf_clear\">\n                    <div  data-lazy=\"1\" class=\"module_row themify_builder_row tb_b2vi394 tb_first tf_w\">\n                        <div class=\"row_inner col_align_top tb_col_count_1 tf_box tf_rel\">\n                        <div  data-lazy=\"1\" class=\"module_column tb-column col-full tb_lkkm394 first\">\n                    <!-- module text -->\n<div  class=\"module module-text tb_njx9577\" data-lazy=\"1\">\n        <div  class=\"tb_text_wrap\">\n        <h1 style=\"text-align: center;\">Faire un don<\/h1>    <\/div>\n<\/div>\n<!-- \/module text --><!-- module text -->\n<div  class=\"module module-text tb_yi7m395\" data-lazy=\"1\">\n        <div  class=\"tb_text_wrap\">\n        <p style=\"text-align: center;\" data-start=\"272\" data-end=\"507\">Le centre cr\u00e9atif Hudson compte sur la g\u00e9n\u00e9rosit\u00e9 de personnes comme vous. Chaque don, quel que soit son montant, nous aide \u00e0 concr\u00e9tiser des concerts, des ateliers et des programmes communautaires, et \u00e0 rendre les arts dynamiques et accessibles \u00e0 tous \u00e0 Hudson.<\/p>\n<p style=\"text-align: center;\" data-start=\"509\" data-end=\"702\">En tant qu'organisme de bienfaisance enregistr\u00e9, nous comptons sur le soutien individuel pour assurer la p\u00e9rennit\u00e9 de nos programmes, l'entretien de nos locaux et la cr\u00e9ation d'opportunit\u00e9s de connexion par le biais de l'art, de la musique et de la cr\u00e9ativit\u00e9.<\/p>\n<p style=\"text-align: center;\" data-start=\"704\" data-end=\"815\">Votre don contribue directement \u00e0 renforcer le dynamisme culturel de notre communaut\u00e9. Merci de permettre au Hub de prosp\u00e9rer !<\/p>    <\/div>\n<\/div>\n<!-- \/module text -->        <div  data-lazy=\"1\" class=\"module_subrow themify_builder_sub_row tf_w col_align_top gutter-none tb_col_count_2 tb_ko84396\">\n                <div  data-lazy=\"1\" class=\"module_column sub_column col4-2 tb_sydw396 first\">\n                    <!-- module feature -->\n<div  class=\"module module-feature tb_vsh1396 with-chart layout-icon-left size-small\" data-layout-mobile=\"icon-top\" data-layout-desktop=\"icon-left\" data-lazy=\"1\">\n        <div class=\"module-feature-image tf_textc tf_rel\">\n                            <span class=\"module-feature-chart-html5 tf_box tf_rel tf_inline_b\">\n                                    <svg class=\"tf_abs tf_w tf_h\">\n                    <circle class=\"tb_feature_fill\" r=\"calc(50% - 1.00px)\" cx=\"50%\" cy=\"50%\" stroke-width=\"2\"\/>\n                    <circle class=\"tb_feature_stroke\" r=\"calc(50% - 1.00px)\" cx=\"50%\" cy=\"50%\" stroke=\"#548fe8\" stroke-width=\"2\" data-progress=\"100\" stroke-dasharray=\"0,10000\"\/>\n                                        <\/svg>\n                                <span class=\"chart-html5-circle tf_w tf_h\">\n                                            <em class=\"module-feature-icon tf_rel\" style=\"color:#000000\"><svg  class=\"tf_fa tf-fas-donate\" aria-hidden=\"true\"><use href=\"#tf-fas-donate\"><\/use><\/svg><\/em>\n                                    <\/span>\n\n                \n            <\/span>\n                <\/div>\n    <div class=\"module-feature-content tf_textc\">\n                    <h3 class=\"module-feature-title\">\n                            Dons d\u00e9ductibles d'imp\u00f4t                        <\/h3>\n                    <div class=\"tb_text_wrap\">\n            <p>Les re\u00e7us fiscaux sont envoy\u00e9s automatiquement<\/p>        <\/div>\n    <\/div>\n<\/div>\n<!-- \/module feature -->\n<!-- module feature -->\n<div  class=\"module module-feature tb_clxf680 with-chart layout-icon-left size-small\" data-layout-mobile=\"icon-top\" data-layout-desktop=\"icon-left\" data-lazy=\"1\">\n        <div class=\"module-feature-image tf_textc tf_rel\">\n                            <span class=\"module-feature-chart-html5 tf_box tf_rel tf_inline_b\">\n                                    <svg class=\"tf_abs tf_w tf_h\">\n                    <circle class=\"tb_feature_fill\" r=\"calc(50% - 1.00px)\" cx=\"50%\" cy=\"50%\" stroke-width=\"2\"\/>\n                    <circle class=\"tb_feature_stroke\" r=\"calc(50% - 1.00px)\" cx=\"50%\" cy=\"50%\" stroke=\"#548fe8\" stroke-width=\"2\" data-progress=\"100\" stroke-dasharray=\"0,10000\"\/>\n                                        <\/svg>\n                                <span class=\"chart-html5-circle tf_w tf_h\">\n                                            <em class=\"module-feature-icon tf_rel\" style=\"color:#000000\"><svg  class=\"tf_fa tf-fas-check-circle\" aria-hidden=\"true\"><use href=\"#tf-fas-check-circle\"><\/use><\/svg><\/em>\n                                    <\/span>\n\n                \n            <\/span>\n                <\/div>\n    <div class=\"module-feature-content tf_textc\">\n                    <h3 class=\"module-feature-title\">\n                            Num\u00e9ro d'organisme de bienfaisance enregistr\u00e9                        <\/h3>\n                    <div class=\"tb_text_wrap\">\n            <p>72851 6105 RR0001<\/p>\n        <\/div>\n    <\/div>\n<\/div>\n<!-- \/module feature -->\n        <\/div>\n                    <div  data-lazy=\"1\" class=\"module_column sub_column col4-2 tb_i7yx396 last\">\n                    <!-- module plain text -->\n<div  class=\"module module-plain-text tb_knzw781\" data-lazy=\"1\">\n        <div class=\"tb_text_wrap\">\n    <div style=\"position:relative;overflow:hidden;height:450px;width:100%;\"><iframe title='Formulaire de don propuls\u00e9 par Zeffy' style='position: absolute; border: 0; top:0;left:0;bottom:0;right:0;width:100%;height:100%' src='https:\/\/www.zeffy.com\/embed\/donation-form\/donate-to-make-a-difference-14919' allowpaymentrequest allowtransparency=\"true\"><\/iframe><\/div>    <\/div>\n<\/div>\n<!-- \/module plain text -->        <\/div>\n                    <\/div>\n                <\/div>\n                        <\/div>\n        <\/div>\n                        <div  data-css_id=\"rmwm742\" data-lazy=\"1\" class=\"module_row themify_builder_row fullwidth tb_rmwm742 tf_w\">\n                        <div class=\"row_inner col_align_top tb_col_count_1 tf_box tf_rel\">\n                        <div  data-lazy=\"1\" class=\"module_column tb-column col-full tb_eztl742 first\">\n                            <div  data-lazy=\"1\" class=\"module_subrow themify_builder_sub_row tf_w col_align_middle tb_col_count_2 tb_n37e742\">\n                <div  data-lazy=\"1\" class=\"module_column sub_column col4-2 tb_utxm742 first\">\n                    <!-- module text -->\n<div  class=\"module module-text tb_jm4d742\" data-lazy=\"1\">\n        <div  class=\"tb_text_wrap\">\n        <h3>Abonnez-vous \u00e0 notre bulletin d'information<\/h3>\n<p>Soyez au courant des derniers \u00e9v\u00e9nements et programmes propos\u00e9s par le Centre Cr\u00e9atif Hudson.\u00a0<\/p>    <\/div>\n<\/div>\n<!-- \/module text --><!-- module buttons -->\n<div  class=\"module module-buttons tb_edou742 buttons-horizontal solid   circle\" data-lazy=\"1\">\n        <div class=\"module-buttons-item tf_in_flx\">\n                        <a href=\"https:\/\/hudsoncreativehub.org\/fr\/newsletter\/\" class=\"ui builder_button tf_in_flx black\" >\n                                                VOIR NOTRE DERNI\u00c8RE LETTRE D'INFORMATION                                        <\/a>\n                <\/div>\n            <\/div>\n<!-- \/module buttons -->\n        <\/div>\n                    <div  data-lazy=\"1\" class=\"module_column sub_column col4-2 tb_vewv742 last\">\n                    <!-- module plain text -->\n<div  class=\"module module-plain-text tb_p5s8742\" data-lazy=\"1\">\n        <div class=\"tb_text_wrap\">\n    <div class=\"forminator-ui forminator-custom-form forminator-custom-form-1713 forminator-design--default  forminator_ajax\" data-forminator-render=\"0\" data-form=\"forminator-module-1713\" data-uid=\"69ea35d6572a3\"><br\/><\/div><form\n\t\t\t\tid=\"forminator-module-1713\"\n\t\t\t\tclass=\"forminator-ui forminator-custom-form forminator-custom-form-1713 forminator-design--default  forminator_ajax\"\n\t\t\t\tmethod=\"post\"\n\t\t\t\tdata-forminator-render=\"0\"\n\t\t\t\tdata-form-id=\"1713\"\n\t\t\t\t data-color-option=\"theme\" data-design=\"default\" data-grid=\"open\" style=\"display: none;\"\n\t\t\t\tdata-uid=\"69ea35d6572a3\" action=\"\"\n\t\t\t><div role=\"alert\" aria-live=\"polite\" class=\"forminator-response-message forminator-error\" aria-hidden=\"true\"><\/div><div class=\"forminator-row\"><div id=\"name-2\" class=\"forminator-field-name forminator-col forminator-col-12\"><div class=\"forminator-row forminator-no-margin\" data-multiple=\"true\"><div class=\"forminator-col forminator-col-md-6\"><div class=\"forminator-field\"><label for=\"forminator-field-first-name-2_69ea35d6572a3\" id=\"forminator-field-first-name-2_69ea35d6572a3-label\" class=\"forminator-label\">Pr\u00e9nom<\/label><input type=\"text\" name=\"name-2-first-name\" placeholder=\"\" id=\"forminator-field-first-name-2_69ea35d6572a3\" class=\"forminator-input\" aria-required=\"false\" data-multi=\"1\" autocomplete=\"given-name\" value=\"\" \/><\/div><\/div><div class=\"forminator-col forminator-col-md-6\"><div class=\"forminator-field\"><label for=\"forminator-field-last-name-2_69ea35d6572a3\" id=\"forminator-field-last-name-2_69ea35d6572a3-label\" class=\"forminator-label\">Nom de famille<\/label><input type=\"text\" name=\"name-2-last-name\" placeholder=\"\" id=\"forminator-field-last-name-2_69ea35d6572a3\" class=\"forminator-input\" aria-required=\"false\" data-multi=\"1\" autocomplete=\"family-name\" value=\"\" \/><\/div><\/div><\/div><\/div><\/div><div class=\"forminator-row\"><div id=\"email-1\" class=\"forminator-field-email forminator-col forminator-col-12\"><div class=\"forminator-field\"><label for=\"forminator-field-email-1_69ea35d6572a3\" id=\"forminator-field-email-1_69ea35d6572a3-label\" class=\"forminator-label\">Courriel <span class=\"forminator-required\">*<\/span><\/label><input type=\"email\" name=\"email-1\" value=\"\" placeholder=\"\" id=\"forminator-field-email-1_69ea35d6572a3\" class=\"forminator-input forminator-email--field\" data-required=\"true\" aria-required=\"true\" autocomplete=\"email\" \/><\/div><\/div><\/div><div class=\"forminator-row\"><div id=\"checkbox-1\" class=\"forminator-field-checkbox forminator-col forminator-col-12\"><div role=\"group\" class=\"forminator-field\" aria-labelledby=\"forminator-checkbox-group-forminator-field-checkbox-1-69ea35d6572a3-label\"><span id=\"forminator-checkbox-group-forminator-field-checkbox-1-69ea35d6572a3-label\" class=\"forminator-label\">S\u00e9lectionner la langue<\/span><label id=\"forminator-field-checkbox-1-1-69ea35d6572a3-label\" for=\"forminator-field-checkbox-1-1-69ea35d6572a3\" class=\"forminator-checkbox\" title=\"Fran\u00e7ais\"><input type=\"checkbox\" name=\"checkbox-1[]\" value=\"one\" id=\"forminator-field-checkbox-1-1-69ea35d6572a3\" aria-labelledby=\"forminator-field-checkbox-1-1-69ea35d6572a3-label\" data-calculation=\"0\"   data-hidden-behavior=\"zero\"\/><span class=\"forminator-checkbox-box\" aria-hidden=\"true\"><\/span><span class=\"forminator-checkbox-label\">Fran\u00e7ais<\/span><\/label><label id=\"forminator-field-checkbox-1-2-69ea35d6572a3-label\" for=\"forminator-field-checkbox-1-2-69ea35d6572a3\" class=\"forminator-checkbox\" title=\"Anglais\"><input type=\"checkbox\" name=\"checkbox-1[]\" value=\"two\" id=\"forminator-field-checkbox-1-2-69ea35d6572a3\" aria-labelledby=\"forminator-field-checkbox-1-2-69ea35d6572a3-label\" data-calculation=\"0\"   data-hidden-behavior=\"zero\"\/><span class=\"forminator-checkbox-box\" aria-hidden=\"true\"><\/span><span class=\"forminator-checkbox-label\">Anglais<\/span><\/label><\/div><\/div><\/div><input type=\"hidden\" name=\"referer_url\" value=\"\" \/><div class=\"forminator-row forminator-row-last\"><div class=\"forminator-col\"><div class=\"forminator-field\"><button class=\"forminator-button forminator-button-submit\">Abonnez-vous<\/button><\/div><\/div><\/div><input type=\"hidden\" id=\"forminator_nonce\" name=\"forminator_nonce\" value=\"0558fa2dac\" \/><input type=\"hidden\" name=\"_wp_http_referer\" value=\"\/fr\/wp-json\/wp\/v2\/pages\/1002\" \/><input type=\"hidden\" name=\"form_id\" value=\"1713\"><input type=\"hidden\" name=\"page_id\" value=\"1002\"><input type=\"hidden\" name=\"form_type\" value=\"default\"><input type=\"hidden\" name=\"current_url\" value=\"https:\/\/hudsoncreativehub.org\/fr\/make-a-donation\/\"><input type=\"hidden\" name=\"render_id\" value=\"0\"><input type=\"hidden\" name=\"action\" value=\"forminator_submit_form_custom-forms\"><input type=\"hidden\" name=\"trp-form-language\" value=\"fr\"\/><\/form>    <\/div>\n<\/div>\n<!-- \/module plain text -->        <\/div>\n                    <\/div>\n                <\/div>\n                        <\/div>\n        <\/div>\n        <\/div>\n<!--\/themify_builder_content-->","protected":false},"excerpt":{"rendered":"<p>Faire un don<\/p>","protected":false},"author":1,"featured_media":0,"parent":0,"menu_order":0,"comment_status":"closed","ping_status":"closed","template":"","meta":{"_price":"","_stock":"","_tribe_ticket_header":"","_tribe_default_ticket_provider":"","_tribe_ticket_capacity":"0","_ticket_start_date":"","_ticket_end_date":"","_tribe_ticket_show_description":"","_tribe_ticket_show_not_going":false,"_tribe_ticket_use_global_stock":"","_tribe_ticket_global_stock_level":"","_global_stock_mode":"","_global_stock_cap":"","_tribe_rsvp_for_event":"","_tribe_ticket_going_count":"","_tribe_ticket_not_going_count":"","_tribe_tickets_list":"[]","_tribe_ticket_has_attendee_info_fields":false,"footnotes":"","_tec_slr_enabled":"","_tec_slr_layout":""},"class_list":["post-1002","page","type-page","status-publish","hentry","has-post-title","has-post-date","has-post-category","has-post-tag","has-post-comment","has-post-author",""],"yoast_head":"<!-- This site is optimized with the Yoast SEO plugin v27.3 - https:\/\/yoast.com\/product\/yoast-seo-wordpress\/ -->\n<title>Make a donation - Hudson Creative Hub<\/title>\n<meta name=\"robots\" content=\"index, follow, max-snippet:-1, max-image-preview:large, max-video-preview:-1\" \/>\n<link rel=\"canonical\" href=\"https:\/\/hudsoncreativehub.org\/fr\/make-a-donation\/\" \/>\n<meta property=\"og:locale\" content=\"fr_CA\" \/>\n<meta property=\"og:type\" content=\"article\" \/>\n<meta property=\"og:title\" content=\"Make a donation - Hudson Creative Hub\" \/>\n<meta property=\"og:description\" content=\"Make a Donation\" \/>\n<meta property=\"og:url\" content=\"https:\/\/hudsoncreativehub.org\/fr\/make-a-donation\/\" \/>\n<meta property=\"og:site_name\" content=\"Hudson Creative Hub\" \/>\n<meta property=\"article:modified_time\" content=\"2026-04-20T15:17:37+00:00\" \/>\n<meta name=\"twitter:card\" content=\"summary_large_image\" \/>\n<meta name=\"twitter:label1\" content=\"Estimation du temps de lecture\" \/>\n\t<meta name=\"twitter:data1\" content=\"2 minutes\" \/>\n<script type=\"application\/ld+json\" class=\"yoast-schema-graph\">{\"@context\":\"https:\\\/\\\/schema.org\",\"@graph\":[{\"@type\":\"WebPage\",\"@id\":\"https:\\\/\\\/hudsoncreativehub.org\\\/make-a-donation\\\/\",\"url\":\"https:\\\/\\\/hudsoncreativehub.org\\\/make-a-donation\\\/\",\"name\":\"Make a donation - Hudson Creative Hub\",\"isPartOf\":{\"@id\":\"https:\\\/\\\/hudsoncreativehub.org\\\/#website\"},\"datePublished\":\"2025-07-22T17:49:15+00:00\",\"dateModified\":\"2026-04-20T15:17:37+00:00\",\"breadcrumb\":{\"@id\":\"https:\\\/\\\/hudsoncreativehub.org\\\/make-a-donation\\\/#breadcrumb\"},\"inLanguage\":\"fr-CA\",\"potentialAction\":[{\"@type\":\"ReadAction\",\"target\":[\"https:\\\/\\\/hudsoncreativehub.org\\\/make-a-donation\\\/\"]}]},{\"@type\":\"BreadcrumbList\",\"@id\":\"https:\\\/\\\/hudsoncreativehub.org\\\/make-a-donation\\\/#breadcrumb\",\"itemListElement\":[{\"@type\":\"ListItem\",\"position\":1,\"name\":\"Home\",\"item\":\"https:\\\/\\\/hudsoncreativehub.org\\\/\"},{\"@type\":\"ListItem\",\"position\":2,\"name\":\"Make a donation\"}]},{\"@type\":\"WebSite\",\"@id\":\"https:\\\/\\\/hudsoncreativehub.org\\\/#website\",\"url\":\"https:\\\/\\\/hudsoncreativehub.org\\\/\",\"name\":\"Hudson Creative Hub\",\"description\":\"Creative Space for the Community\",\"potentialAction\":[{\"@type\":\"SearchAction\",\"target\":{\"@type\":\"EntryPoint\",\"urlTemplate\":\"https:\\\/\\\/hudsoncreativehub.org\\\/?s={search_term_string}\"},\"query-input\":{\"@type\":\"PropertyValueSpecification\",\"valueRequired\":true,\"valueName\":\"search_term_string\"}}],\"inLanguage\":\"fr-CA\"}]}<\/script>\n<!-- \/ Yoast SEO plugin. -->","yoast_head_json":{"title":"Make a donation - Hudson Creative Hub","robots":{"index":"index","follow":"follow","max-snippet":"max-snippet:-1","max-image-preview":"max-image-preview:large","max-video-preview":"max-video-preview:-1"},"canonical":"https:\/\/hudsoncreativehub.org\/fr\/make-a-donation\/","og_locale":"fr_CA","og_type":"article","og_title":"Make a donation - Hudson Creative Hub","og_description":"Make a Donation","og_url":"https:\/\/hudsoncreativehub.org\/fr\/make-a-donation\/","og_site_name":"Hudson Creative Hub","article_modified_time":"2026-04-20T15:17:37+00:00","twitter_card":"summary_large_image","twitter_misc":{"Estimation du temps de lecture":"2 minutes"},"schema":{"@context":"https:\/\/schema.org","@graph":[{"@type":"WebPage","@id":"https:\/\/hudsoncreativehub.org\/make-a-donation\/","url":"https:\/\/hudsoncreativehub.org\/make-a-donation\/","name":"Make a donation - Hudson Creative Hub","isPartOf":{"@id":"https:\/\/hudsoncreativehub.org\/#website"},"datePublished":"2025-07-22T17:49:15+00:00","dateModified":"2026-04-20T15:17:37+00:00","breadcrumb":{"@id":"https:\/\/hudsoncreativehub.org\/make-a-donation\/#breadcrumb"},"inLanguage":"fr-CA","potentialAction":[{"@type":"ReadAction","target":["https:\/\/hudsoncreativehub.org\/make-a-donation\/"]}]},{"@type":"BreadcrumbList","@id":"https:\/\/hudsoncreativehub.org\/make-a-donation\/#breadcrumb","itemListElement":[{"@type":"ListItem","position":1,"name":"Home","item":"https:\/\/hudsoncreativehub.org\/"},{"@type":"ListItem","position":2,"name":"Make a donation"}]},{"@type":"WebSite","@id":"https:\/\/hudsoncreativehub.org\/#website","url":"https:\/\/hudsoncreativehub.org\/","name":"Centre Cr\u00e9atif Hudson","description":"Creative Space for the Community","potentialAction":[{"@type":"SearchAction","target":{"@type":"EntryPoint","urlTemplate":"https:\/\/hudsoncreativehub.org\/?s={search_term_string}"},"query-input":{"@type":"PropertyValueSpecification","valueRequired":true,"valueName":"search_term_string"}}],"inLanguage":"fr-CA"}]}},"builder_content":"<h1 style=\"text-align: center;\">Make a Donation<\/h1>\n<p style=\"text-align: center;\" data-start=\"272\" data-end=\"507\">The Hudson Creative Hub depends on the generosity of people like you. Every donation \u2014 big or small \u2014 helps us bring concerts, workshops, and community programs to life, keeping the arts vibrant and accessible for everyone in Hudson.<\/p> <p style=\"text-align: center;\" data-start=\"509\" data-end=\"702\">As a registered charitable organization, we rely on individual support to sustain our programs, maintain our space, and create opportunities for connection through art, music, and creativity.<\/p> <p style=\"text-align: center;\" data-start=\"704\" data-end=\"815\">Your gift directly strengthens the cultural heartbeat of our community. Thank you for helping the Hub thrive!<\/p>\n<svg> <circle r=\"calc(50% - 1.00px)\" cx=\"50%\" cy=\"50%\" stroke-width=\"2\"\/> <circle r=\"calc(50% - 1.00px)\" cx=\"50%\" cy=\"50%\" stroke=\"#548fe8\" stroke-width=\"2\" data-progress=\"100\" stroke-dasharray=\"0,10000\"\/> <\/svg> <em style=\"color:#000000\"><svg aria-hidden=\"true\"><use href=\"#tf-fas-donate\"><\/use><\/svg><\/em> \n <h3> Tax Deductible Donations <\/h3> <p>Tax receipts are sent automatically<\/p>\n<svg> <circle r=\"calc(50% - 1.00px)\" cx=\"50%\" cy=\"50%\" stroke-width=\"2\"\/> <circle r=\"calc(50% - 1.00px)\" cx=\"50%\" cy=\"50%\" stroke=\"#548fe8\" stroke-width=\"2\" data-progress=\"100\" stroke-dasharray=\"0,10000\"\/> <\/svg> <em style=\"color:#000000\"><svg aria-hidden=\"true\"><use href=\"#tf-fas-check-circle\"><\/use><\/svg><\/em> \n <h3> Registered Charitable Number <\/h3> <p>72851 6105 RR0001<\/p>\n<iframe title='Donation form powered by Zeffy' style='position: absolute; border: 0; top:0;left:0;bottom:0;right:0;width:100%;height:100%' src='https:\/\/www.zeffy.com\/embed\/donation-form\/donate-to-make-a-difference-14919' allowpaymentrequest allowTransparency=\"true\"><\/iframe>\n<h3>Join Our Newsletter<\/h3> <p>Subscribe to stay up to date with the latest events and programs the Creative Hub has to offer!\u00a0<\/p>\n<a href=\"https:\/\/hudsoncreativehub.org\/newsletter\/\" > VIEW OUR LATEST NEWSLETTER <\/a>\n[forminator_form id=\"1713\"]","ticketed":false,"_links":{"self":[{"href":"https:\/\/hudsoncreativehub.org\/fr\/wp-json\/wp\/v2\/pages\/1002","targetHints":{"allow":["GET"]}}],"collection":[{"href":"https:\/\/hudsoncreativehub.org\/fr\/wp-json\/wp\/v2\/pages"}],"about":[{"href":"https:\/\/hudsoncreativehub.org\/fr\/wp-json\/wp\/v2\/types\/page"}],"author":[{"embeddable":true,"href":"https:\/\/hudsoncreativehub.org\/fr\/wp-json\/wp\/v2\/users\/1"}],"replies":[{"embeddable":true,"href":"https:\/\/hudsoncreativehub.org\/fr\/wp-json\/wp\/v2\/comments?post=1002"}],"version-history":[{"count":53,"href":"https:\/\/hudsoncreativehub.org\/fr\/wp-json\/wp\/v2\/pages\/1002\/revisions"}],"predecessor-version":[{"id":2527,"href":"https:\/\/hudsoncreativehub.org\/fr\/wp-json\/wp\/v2\/pages\/1002\/revisions\/2527"}],"wp:attachment":[{"href":"https:\/\/hudsoncreativehub.org\/fr\/wp-json\/wp\/v2\/media?parent=1002"}],"curies":[{"name":"wp","href":"https:\/\/api.w.org\/{rel}","templated":true}]}}