{"id":1326,"date":"2025-09-16T20:01:59","date_gmt":"2025-09-16T20:01:59","guid":{"rendered":"http:\/\/hudsoncreativehub.org\/programs-copy\/"},"modified":"2025-12-08T17:35:13","modified_gmt":"2025-12-08T17:35:13","slug":"volunteer","status":"publish","type":"page","link":"https:\/\/hudsoncreativehub.org\/fr\/volunteer\/","title":{"rendered":"B\u00e9n\u00e9vole"},"content":{"rendered":"<!--themify_builder_content-->\n<div id=\"themify_builder_content-1326\" data-postid=\"1326\" class=\"themify_builder_content themify_builder_content-1326 themify_builder tf_clear\">\n                    <div  data-lazy=\"1\" class=\"module_row themify_builder_row tb_h7oi225 tb_first tf_w\">\n                        <div class=\"row_inner col_align_top tb_col_count_1 tf_box tf_rel\">\n                        <div  data-lazy=\"1\" class=\"module_column tb-column col-full tb_wy4x510 first\">\n                            <div  data-lazy=\"1\" class=\"module_subrow themify_builder_sub_row tf_w col_align_top tb_col_count_1 tb_mem0520\">\n                <div  data-lazy=\"1\" class=\"module_column sub_column col-full tb_p5iu454 first\">\n                    <!-- module text -->\n<div  class=\"module module-text tb_4ld5252\" data-lazy=\"1\">\n        <div  class=\"tb_text_wrap\">\n        <h1 style=\"text-align: center;\">Devenez b\u00e9n\u00e9vole<\/h1>    <\/div>\n<\/div>\n<!-- \/module text -->        <\/div>\n                    <\/div>\n                <\/div>\n                        <\/div>\n        <\/div>\n                        <div  data-lazy=\"1\" class=\"module_row themify_builder_row tb_nr2r686 tf_w\">\n                        <div class=\"row_inner col_align_middle tb_col_count_2 tf_box tf_rel\">\n                        <div  data-lazy=\"1\" class=\"module_column tb-column col4-2 tb_sh9j687 first\">\n                    <!-- module text -->\n<div  class=\"module module-text tb_4mv7491\" data-lazy=\"1\">\n        <div  class=\"tb_text_wrap\">\n        <h2>Faites partie de la communaut\u00e9 qui soutient la cr\u00e9ativit\u00e9<\/h2>    <\/div>\n<\/div>\n<!-- \/module text --><!-- module text -->\n<div  class=\"module module-text tb_lf94687\" data-lazy=\"1\">\n        <div  class=\"tb_text_wrap\">\n        <p data-start=\"209\" data-end=\"318\">Le Centre Cr\u00e9atif Hudson fonctionne gr\u00e2ce \u00e0 l'esprit communautaire \u2014 et nos b\u00e9n\u00e9voles sont au c\u0153ur de tout ce que nous faisons.<\/p>\n<p data-start=\"320\" data-end=\"606\">Que vous ayez quelques heures \u00e0 consacrer ou que vous souhaitiez vous impliquer davantage, il existe de nombreuses fa\u00e7ons de participer. Les b\u00e9n\u00e9voles nous aident dans tous les aspects de notre travail : coordination et gestion d\u2019\u00e9v\u00e9nements, entretien du jardin et du b\u00e2timent, affichage en ville, et bien plus encore.<\/p>\n<p data-start=\"608\" data-end=\"797\">Quels que soient vos int\u00e9r\u00eats et vos comp\u00e9tences, vous avez votre place au Hub. Le b\u00e9n\u00e9volat est un excellent moyen de rencontrer de nouvelles personnes, de soutenir les arts et de contribuer \u00e0 l'essor de la communaut\u00e9 cr\u00e9ative de Hudson.<\/p>\n<p data-start=\"799\" data-end=\"959\">Si vous souhaitez rejoindre notre \u00e9quipe de b\u00e9n\u00e9voles, n'h\u00e9sitez pas \u00e0 nous contacter !<\/p>    <\/div>\n<\/div>\n<!-- \/module text -->        <\/div>\n                    <div  data-lazy=\"1\" class=\"module_column tb-column col4-2 tb_ens6687 last\">\n                    <!-- module image -->\n<div  class=\"module module-image tb_pzgy687 image-top   tf_mw\" data-lazy=\"1\">\n        <div class=\"image-wrap tf_rel tf_mw\">\n            <img loading=\"lazy\" decoding=\"async\" src=\"https:\/\/hudsoncreativehub.org\/wp-content\/uploads\/2025\/10\/IMG_6366-482x564.jpeg\" width=\"482\" height=\"564\" class=\"wp-post-image wp-image-1539\" title=\"IMG_6366\" alt=\"IMG_6366\" srcset=\"https:\/\/hudsoncreativehub.org\/wp-content\/uploads\/2025\/10\/IMG_6366-482x564.jpeg 482w, https:\/\/hudsoncreativehub.org\/wp-content\/uploads\/2025\/10\/IMG_6366-9x12.jpeg 9w\" sizes=\"auto, (max-width: 482px) 100vw, 482px\" \/>    \n        <\/div>\n    <!-- \/image-wrap -->\n    \n        <\/div>\n<!-- \/module image -->        <\/div>\n                        <\/div>\n        <\/div>\n                        <div  data-lazy=\"1\" class=\"module_row themify_builder_row tb_j738655 tf_w\">\n                        <div class=\"row_inner col_align_top tb_col_count_1 tf_box tf_rel\">\n                        <div  data-lazy=\"1\" class=\"module_column tb-column col-full tb_20ru656 first\">\n                            <div  data-lazy=\"1\" class=\"module_subrow themify_builder_sub_row tf_w col_align_top tb_col_count_1 tb_ujfw310\">\n                <div  data-lazy=\"1\" class=\"module_column sub_column col-full tb_ndax311 first\">\n                    <!-- module text -->\n<div  class=\"module module-text tb_v8gz447\" data-lazy=\"1\">\n        <div  class=\"tb_text_wrap\">\n        <h2>Rejoignez notre \u00e9quipe de b\u00e9n\u00e9voles<\/h2>    <\/div>\n<\/div>\n<!-- \/module text --><!-- module text -->\n<div  class=\"module module-text tb_ul7e28\" data-lazy=\"1\">\n        <div  class=\"tb_text_wrap\">\n        <p data-start=\"209\" data-end=\"318\">Dites-nous comment vous souhaitez nous aider.<\/p>    <\/div>\n<\/div>\n<!-- \/module text --><!-- module plain text -->\n<div  class=\"module module-plain-text tb_2lrc683\" data-lazy=\"1\">\n        <div class=\"tb_text_wrap\">\n    <div class=\"forminator-ui forminator-custom-form forminator-custom-form-1663 forminator-design--default  forminator_ajax\" data-forminator-render=\"0\" data-form=\"forminator-module-1663\" data-uid=\"69ea362de8c0b\"><br\/><\/div><form\n\t\t\t\tid=\"forminator-module-1663\"\n\t\t\t\tclass=\"forminator-ui forminator-custom-form forminator-custom-form-1663 forminator-design--default  forminator_ajax\"\n\t\t\t\tmethod=\"post\"\n\t\t\t\tdata-forminator-render=\"0\"\n\t\t\t\tdata-form-id=\"1663\"\n\t\t\t\t data-color-option=\"theme\" data-design=\"default\" data-grid=\"open\" style=\"display: none;\"\n\t\t\t\tdata-uid=\"69ea362de8c0b\" action=\"\"\n\t\t\t><div role=\"alert\" aria-live=\"polite\" class=\"forminator-response-message forminator-error\" aria-hidden=\"true\"><\/div><div class=\"forminator-row\"><div id=\"name-1\" class=\"forminator-field-name forminator-col forminator-col-12\"><div class=\"forminator-row forminator-no-margin\" data-multiple=\"true\"><div class=\"forminator-col forminator-col-md-6\"><div class=\"forminator-field\"><label for=\"forminator-field-first-name-1_69ea362de8c0b\" id=\"forminator-field-first-name-1_69ea362de8c0b-label\" class=\"forminator-label\">Pr\u00e9nom <span class=\"forminator-required\">*<\/span><\/label><input type=\"text\" name=\"name-1-first-name\" placeholder=\"\" id=\"forminator-field-first-name-1_69ea362de8c0b\" class=\"forminator-input\" aria-required=\"true\" data-multi=\"1\" autocomplete=\"given-name\" value=\"\" \/><\/div><\/div><div class=\"forminator-col forminator-col-md-6\"><div class=\"forminator-field\"><label for=\"forminator-field-last-name-1_69ea362de8c0b\" id=\"forminator-field-last-name-1_69ea362de8c0b-label\" class=\"forminator-label\">Nom de famille <span class=\"forminator-required\">*<\/span><\/label><input type=\"text\" name=\"name-1-last-name\" placeholder=\"\" id=\"forminator-field-last-name-1_69ea362de8c0b\" class=\"forminator-input\" aria-required=\"true\" data-multi=\"1\" autocomplete=\"family-name\" value=\"\" \/><\/div><\/div><\/div><\/div><\/div><div class=\"forminator-row\"><div id=\"email-1\" class=\"forminator-field-email forminator-col forminator-col-6\"><div class=\"forminator-field\"><label for=\"forminator-field-email-1_69ea362de8c0b\" id=\"forminator-field-email-1_69ea362de8c0b-label\" class=\"forminator-label\">Courriel <span class=\"forminator-required\">*<\/span><\/label><input type=\"email\" name=\"email-1\" value=\"\" placeholder=\"\" id=\"forminator-field-email-1_69ea362de8c0b\" class=\"forminator-input forminator-email--field\" data-required=\"true\" aria-required=\"true\" autocomplete=\"email\" \/><\/div><\/div><div id=\"phone-1\" class=\"forminator-field-phone forminator-col forminator-col-6\"><div class=\"forminator-field\"><label for=\"forminator-field-phone-1_69ea362de8c0b\" id=\"forminator-field-phone-1_69ea362de8c0b-label\" class=\"forminator-label\">Num\u00e9ro de t\u00e9l\u00e9phone <span class=\"forminator-required\">*<\/span><\/label><input type=\"text\" name=\"phone-1\" value=\"\" placeholder=\"\" id=\"forminator-field-phone-1_69ea362de8c0b\" class=\"forminator-input forminator-field--phone\" data-required=\"1\" aria-required=\"true\" autocomplete=\"off\" data-validation=\"1\" \/><\/div><\/div><\/div><div class=\"forminator-row\"><div id=\"textarea-2\" class=\"forminator-field-textarea forminator-col forminator-col-12\"><div class=\"forminator-field\"><label for=\"forminator-field-textarea-2_69ea362de8c0b\" id=\"forminator-field-textarea-2_69ea362de8c0b-label\" class=\"forminator-label\">Adresse<\/label><span id=\"forminator-field-textarea-2_69ea362de8c0b-description\" class=\"forminator-description\"><span data-limit=\"180\" data-type=\"characters\" data-editor=\"\">0 \/ 180<\/span><\/span><textarea name=\"textarea-2\" placeholder=\"\" id=\"forminator-field-textarea-2_69ea362de8c0b\" class=\"forminator-textarea\" rows=\"6\" style=\"min-height:140px;\" maxlength=\"180\" ><\/textarea><\/div><\/div><\/div><div class=\"forminator-row\"><div id=\"textarea-3\" class=\"forminator-field-textarea forminator-col forminator-col-12\"><div class=\"forminator-field\"><label for=\"forminator-field-textarea-3_69ea362de8c0b\" id=\"forminator-field-textarea-3_69ea362de8c0b-label\" class=\"forminator-label\">Disponibilit\u00e9<\/label><span id=\"forminator-field-textarea-3_69ea362de8c0b-description\" class=\"forminator-description\"><span data-limit=\"180\" data-type=\"characters\" data-editor=\"\">0 \/ 180<\/span><\/span><textarea name=\"textarea-3\" placeholder=\"Jours de semaine, week-ends, moment de la journ\u00e9e (matin, apr\u00e8s-midi, soir) ?\" id=\"forminator-field-textarea-3_69ea362de8c0b\" class=\"forminator-textarea\" rows=\"6\" style=\"min-height:140px;\" maxlength=\"180\" ><\/textarea><\/div><\/div><\/div><div class=\"forminator-row\"><div id=\"textarea-1\" class=\"forminator-field-textarea forminator-col forminator-col-12\"><div class=\"forminator-field\"><label for=\"forminator-field-textarea-1_69ea362de8c0b\" id=\"forminator-field-textarea-1_69ea362de8c0b-label\" class=\"forminator-label\">Notes compl\u00e9mentaires<\/label><span id=\"forminator-field-textarea-1_69ea362de8c0b-description\" class=\"forminator-description\"><span data-limit=\"180\" data-type=\"characters\" data-editor=\"\">0 \/ 180<\/span><\/span><textarea name=\"textarea-1\" placeholder=\"\" id=\"forminator-field-textarea-1_69ea362de8c0b\" class=\"forminator-textarea\" rows=\"6\" style=\"min-height:140px;\" maxlength=\"180\" ><\/textarea><\/div><\/div><\/div><input type=\"hidden\" name=\"referer_url\" value=\"\" \/><div class=\"forminator-row forminator-row-last\"><div class=\"forminator-col\"><div class=\"forminator-field\"><button class=\"forminator-button forminator-button-submit\">Soumettre le formulaire<\/button><\/div><\/div><\/div><input type=\"hidden\" id=\"forminator_nonce\" name=\"forminator_nonce\" value=\"46eb19ccf3\" \/><input type=\"hidden\" name=\"_wp_http_referer\" value=\"\/fr\/wp-json\/wp\/v2\/pages\/1326\" \/><input type=\"hidden\" name=\"form_id\" value=\"1663\"><input type=\"hidden\" name=\"page_id\" value=\"1326\"><input type=\"hidden\" name=\"form_type\" value=\"default\"><input type=\"hidden\" name=\"current_url\" value=\"https:\/\/hudsoncreativehub.org\/fr\/volunteer\/\"><input type=\"hidden\" name=\"render_id\" value=\"0\"><input type=\"hidden\" name=\"action\" value=\"forminator_submit_form_custom-forms\"><input type=\"hidden\" name=\"trp-form-language\" value=\"fr\"\/><\/form>    <\/div>\n<\/div>\n<!-- \/module plain text -->        <\/div>\n                    <\/div>\n                <\/div>\n                        <\/div>\n        <\/div>\n        <\/div>\n<!--\/themify_builder_content-->","protected":false},"excerpt":{"rendered":"<p>Devenez b\u00e9n\u00e9vole<\/p>","protected":false},"author":1,"featured_media":0,"parent":0,"menu_order":0,"comment_status":"closed","ping_status":"closed","template":"","meta":{"_price":"","_stock":"","_tribe_ticket_header":"","_tribe_default_ticket_provider":"","_tribe_ticket_capacity":"0","_ticket_start_date":"","_ticket_end_date":"","_tribe_ticket_show_description":"","_tribe_ticket_show_not_going":false,"_tribe_ticket_use_global_stock":"","_tribe_ticket_global_stock_level":"","_global_stock_mode":"","_global_stock_cap":"","_tribe_rsvp_for_event":"","_tribe_ticket_going_count":"","_tribe_ticket_not_going_count":"","_tribe_tickets_list":"[]","_tribe_ticket_has_attendee_info_fields":false,"footnotes":"","_tec_slr_enabled":"","_tec_slr_layout":""},"class_list":["post-1326","page","type-page","status-publish","hentry","has-post-title","has-post-date","has-post-category","has-post-tag","has-post-comment","has-post-author",""],"yoast_head":"<!-- This site is optimized with the Yoast SEO plugin v27.3 - https:\/\/yoast.com\/product\/yoast-seo-wordpress\/ -->\n<title>Volunteer - Hudson Creative Hub<\/title>\n<meta name=\"robots\" content=\"index, follow, max-snippet:-1, max-image-preview:large, max-video-preview:-1\" \/>\n<link rel=\"canonical\" href=\"https:\/\/hudsoncreativehub.org\/fr\/volunteer\/\" \/>\n<meta property=\"og:locale\" content=\"fr_CA\" \/>\n<meta property=\"og:type\" content=\"article\" \/>\n<meta property=\"og:title\" content=\"Volunteer - Hudson Creative Hub\" \/>\n<meta property=\"og:description\" content=\"Become a Volunteer\" \/>\n<meta property=\"og:url\" content=\"https:\/\/hudsoncreativehub.org\/fr\/volunteer\/\" \/>\n<meta property=\"og:site_name\" content=\"Hudson Creative Hub\" \/>\n<meta property=\"article:modified_time\" content=\"2025-12-08T17:35:13+00:00\" \/>\n<meta property=\"og:image\" content=\"https:\/\/hudsoncreativehub.org\/wp-content\/uploads\/2025\/10\/IMG_6366-482x564.jpeg\" \/>\n<meta name=\"twitter:card\" content=\"summary_large_image\" \/>\n<meta name=\"twitter:label1\" content=\"Estimation du temps de lecture\" \/>\n\t<meta name=\"twitter:data1\" content=\"1 minute\" \/>\n<script type=\"application\/ld+json\" class=\"yoast-schema-graph\">{\"@context\":\"https:\\\/\\\/schema.org\",\"@graph\":[{\"@type\":\"WebPage\",\"@id\":\"https:\\\/\\\/hudsoncreativehub.org\\\/volunteer\\\/\",\"url\":\"https:\\\/\\\/hudsoncreativehub.org\\\/volunteer\\\/\",\"name\":\"Volunteer - Hudson Creative Hub\",\"isPartOf\":{\"@id\":\"https:\\\/\\\/hudsoncreativehub.org\\\/#website\"},\"primaryImageOfPage\":{\"@id\":\"https:\\\/\\\/hudsoncreativehub.org\\\/volunteer\\\/#primaryimage\"},\"image\":{\"@id\":\"https:\\\/\\\/hudsoncreativehub.org\\\/volunteer\\\/#primaryimage\"},\"thumbnailUrl\":\"https:\\\/\\\/hudsoncreativehub.org\\\/wp-content\\\/uploads\\\/2025\\\/10\\\/IMG_6366-482x564.jpeg\",\"datePublished\":\"2025-09-16T20:01:59+00:00\",\"dateModified\":\"2025-12-08T17:35:13+00:00\",\"breadcrumb\":{\"@id\":\"https:\\\/\\\/hudsoncreativehub.org\\\/volunteer\\\/#breadcrumb\"},\"inLanguage\":\"fr-CA\",\"potentialAction\":[{\"@type\":\"ReadAction\",\"target\":[\"https:\\\/\\\/hudsoncreativehub.org\\\/volunteer\\\/\"]}]},{\"@type\":\"ImageObject\",\"inLanguage\":\"fr-CA\",\"@id\":\"https:\\\/\\\/hudsoncreativehub.org\\\/volunteer\\\/#primaryimage\",\"url\":\"https:\\\/\\\/hudsoncreativehub.org\\\/wp-content\\\/uploads\\\/2025\\\/10\\\/IMG_6366-482x564.jpeg\",\"contentUrl\":\"https:\\\/\\\/hudsoncreativehub.org\\\/wp-content\\\/uploads\\\/2025\\\/10\\\/IMG_6366-482x564.jpeg\"},{\"@type\":\"BreadcrumbList\",\"@id\":\"https:\\\/\\\/hudsoncreativehub.org\\\/volunteer\\\/#breadcrumb\",\"itemListElement\":[{\"@type\":\"ListItem\",\"position\":1,\"name\":\"Home\",\"item\":\"https:\\\/\\\/hudsoncreativehub.org\\\/\"},{\"@type\":\"ListItem\",\"position\":2,\"name\":\"Volunteer\"}]},{\"@type\":\"WebSite\",\"@id\":\"https:\\\/\\\/hudsoncreativehub.org\\\/#website\",\"url\":\"https:\\\/\\\/hudsoncreativehub.org\\\/\",\"name\":\"Hudson Creative Hub\",\"description\":\"Creative Space for the Community\",\"potentialAction\":[{\"@type\":\"SearchAction\",\"target\":{\"@type\":\"EntryPoint\",\"urlTemplate\":\"https:\\\/\\\/hudsoncreativehub.org\\\/?s={search_term_string}\"},\"query-input\":{\"@type\":\"PropertyValueSpecification\",\"valueRequired\":true,\"valueName\":\"search_term_string\"}}],\"inLanguage\":\"fr-CA\"}]}<\/script>\n<!-- \/ Yoast SEO plugin. -->","yoast_head_json":{"title":"Volunteer - Hudson Creative Hub","robots":{"index":"index","follow":"follow","max-snippet":"max-snippet:-1","max-image-preview":"max-image-preview:large","max-video-preview":"max-video-preview:-1"},"canonical":"https:\/\/hudsoncreativehub.org\/fr\/volunteer\/","og_locale":"fr_CA","og_type":"article","og_title":"Volunteer - Hudson Creative Hub","og_description":"Become a Volunteer","og_url":"https:\/\/hudsoncreativehub.org\/fr\/volunteer\/","og_site_name":"Hudson Creative Hub","article_modified_time":"2025-12-08T17:35:13+00:00","og_image":[{"url":"https:\/\/hudsoncreativehub.org\/wp-content\/uploads\/2025\/10\/IMG_6366-482x564.jpeg","type":"","width":"","height":""}],"twitter_card":"summary_large_image","twitter_misc":{"Estimation du temps de lecture":"1 minute"},"schema":{"@context":"https:\/\/schema.org","@graph":[{"@type":"WebPage","@id":"https:\/\/hudsoncreativehub.org\/volunteer\/","url":"https:\/\/hudsoncreativehub.org\/volunteer\/","name":"Volunteer - Hudson Creative Hub","isPartOf":{"@id":"https:\/\/hudsoncreativehub.org\/#website"},"primaryImageOfPage":{"@id":"https:\/\/hudsoncreativehub.org\/volunteer\/#primaryimage"},"image":{"@id":"https:\/\/hudsoncreativehub.org\/volunteer\/#primaryimage"},"thumbnailUrl":"https:\/\/hudsoncreativehub.org\/wp-content\/uploads\/2025\/10\/IMG_6366-482x564.jpeg","datePublished":"2025-09-16T20:01:59+00:00","dateModified":"2025-12-08T17:35:13+00:00","breadcrumb":{"@id":"https:\/\/hudsoncreativehub.org\/volunteer\/#breadcrumb"},"inLanguage":"fr-CA","potentialAction":[{"@type":"ReadAction","target":["https:\/\/hudsoncreativehub.org\/volunteer\/"]}]},{"@type":"ImageObject","inLanguage":"fr-CA","@id":"https:\/\/hudsoncreativehub.org\/volunteer\/#primaryimage","url":"https:\/\/hudsoncreativehub.org\/wp-content\/uploads\/2025\/10\/IMG_6366-482x564.jpeg","contentUrl":"https:\/\/hudsoncreativehub.org\/wp-content\/uploads\/2025\/10\/IMG_6366-482x564.jpeg"},{"@type":"BreadcrumbList","@id":"https:\/\/hudsoncreativehub.org\/volunteer\/#breadcrumb","itemListElement":[{"@type":"ListItem","position":1,"name":"Home","item":"https:\/\/hudsoncreativehub.org\/"},{"@type":"ListItem","position":2,"name":"Volunteer"}]},{"@type":"WebSite","@id":"https:\/\/hudsoncreativehub.org\/#website","url":"https:\/\/hudsoncreativehub.org\/","name":"Centre Cr\u00e9atif Hudson","description":"Creative Space for the Community","potentialAction":[{"@type":"SearchAction","target":{"@type":"EntryPoint","urlTemplate":"https:\/\/hudsoncreativehub.org\/?s={search_term_string}"},"query-input":{"@type":"PropertyValueSpecification","valueRequired":true,"valueName":"search_term_string"}}],"inLanguage":"fr-CA"}]}},"builder_content":"<h1 style=\"text-align: center;\">Become a Volunteer<\/h1>\n<h2>Be part of the community behind the creativity<\/h2>\n<p data-start=\"209\" data-end=\"318\">The Hudson Creative Hub runs on community spirit \u2014 and our volunteers are at the heart of everything we do.<\/p> <p data-start=\"320\" data-end=\"606\">Whether you have a few hours to give or want to take on a bigger role, there are so many ways to get involved. Volunteers help us with everything from coordinating and managing events to maintaining our garden and building, postering around town, and lending a hand behind the scenes.<\/p> <p data-start=\"608\" data-end=\"797\">No matter your interests or skills, there\u2019s a place for you at the Hub. Volunteering is a great way to meet new people, support the arts, and help make Hudson\u2019s creative community thrive.<\/p> <p data-start=\"799\" data-end=\"959\">If you\u2019d like to join our volunteer team, we\u2019d love to hear from you!<\/p>\n<img src=\"https:\/\/hudsoncreativehub.org\/wp-content\/uploads\/2025\/10\/IMG_6366-482x564.jpeg\" width=\"482\" height=\"564\" title=\"IMG_6366\" alt=\"IMG_6366\" srcset=\"https:\/\/hudsoncreativehub.org\/wp-content\/uploads\/2025\/10\/IMG_6366-482x564.jpeg 482w, https:\/\/hudsoncreativehub.org\/wp-content\/uploads\/2025\/10\/IMG_6366-9x12.jpeg 9w\" sizes=\"(max-width: 482px) 100vw, 482px\" \/>\n<h2>Join our volunteer team<\/h2>\n<p data-start=\"209\" data-end=\"318\">Let us know how you'd like to help out<\/p>\n[forminator_form id=\"1663\"]","ticketed":false,"_links":{"self":[{"href":"https:\/\/hudsoncreativehub.org\/fr\/wp-json\/wp\/v2\/pages\/1326","targetHints":{"allow":["GET"]}}],"collection":[{"href":"https:\/\/hudsoncreativehub.org\/fr\/wp-json\/wp\/v2\/pages"}],"about":[{"href":"https:\/\/hudsoncreativehub.org\/fr\/wp-json\/wp\/v2\/types\/page"}],"author":[{"embeddable":true,"href":"https:\/\/hudsoncreativehub.org\/fr\/wp-json\/wp\/v2\/users\/1"}],"replies":[{"embeddable":true,"href":"https:\/\/hudsoncreativehub.org\/fr\/wp-json\/wp\/v2\/comments?post=1326"}],"version-history":[{"count":31,"href":"https:\/\/hudsoncreativehub.org\/fr\/wp-json\/wp\/v2\/pages\/1326\/revisions"}],"predecessor-version":[{"id":2087,"href":"https:\/\/hudsoncreativehub.org\/fr\/wp-json\/wp\/v2\/pages\/1326\/revisions\/2087"}],"wp:attachment":[{"href":"https:\/\/hudsoncreativehub.org\/fr\/wp-json\/wp\/v2\/media?parent=1326"}],"curies":[{"name":"wp","href":"https:\/\/api.w.org\/{rel}","templated":true}]}}