{"id":1415,"date":"2025-10-22T15:49:15","date_gmt":"2025-10-22T15:49:15","guid":{"rendered":"https:\/\/hudsoncreativehub.org\/programs-copy\/"},"modified":"2025-12-08T16:59:01","modified_gmt":"2025-12-08T16:59:01","slug":"news","status":"publish","type":"page","link":"https:\/\/hudsoncreativehub.org\/fr\/news\/","title":{"rendered":"Nouvelles"},"content":{"rendered":"<!--themify_builder_content-->\n<div id=\"themify_builder_content-1415\" data-postid=\"1415\" class=\"themify_builder_content themify_builder_content-1415 themify_builder tf_clear\">\n                    <div  data-lazy=\"1\" class=\"module_row themify_builder_row tb_jysr703 tb_first tf_w\">\n                        <div class=\"row_inner col_align_top tb_col_count_1 tf_box tf_rel\">\n                        <div  data-lazy=\"1\" class=\"module_column tb-column col-full tb_5hdu872 first\">\n                            <div  data-lazy=\"1\" class=\"module_subrow themify_builder_sub_row tf_w col_align_top tb_col_count_1 tb_ztsw887\">\n                <div  data-lazy=\"1\" class=\"module_column sub_column col-full tb_b7ns770 first\">\n                    <!-- module text -->\n<div  class=\"module module-text tb_349l078\" data-lazy=\"1\">\n        <div  class=\"tb_text_wrap\">\n        <h1 style=\"text-align: center;\">Quoi de neuf au Hub<\/h1>    <\/div>\n<\/div>\n<!-- \/module text -->        <div  data-lazy=\"1\" class=\"module_subrow themify_builder_sub_row tf_w col_align_top tb_col_count_1 tb_2knh057\">\n                <div  data-lazy=\"1\" class=\"module_column sub_column col-full tb_nm14674 first\">\n                    <!-- module plain text -->\n<div  class=\"module module-plain-text tb_qjg4153\" data-lazy=\"1\">\n        <div class=\"tb_text_wrap\">\n    Restez inform\u00e9 des actualit\u00e9s du Hudson Creative Hub. D\u00e9couvrez les derni\u00e8res annonces et \u00e9tapes importantes, et voyez comment nous favorisons l'\u00e9panouissement de la cr\u00e9ativit\u00e9 \u00e0 Hudson.    <\/div>\n<\/div>\n<!-- \/module plain text --><!-- module post -->\n<div  class=\"module module-post tb_uhuf804\">\n    <div  class=\"builder-posts-wrap loops-wrapper grid3 tf_clear tf_clearfix\" data-lazy=\"1\">\n    <article id=\"post-1635\" class=\"post tf_clearfix post-1635 type-post status-publish format-standard has-post-thumbnail hentry category-concerts tag-folk has-post-title has-post-date has-post-category has-post-tag has-post-comment has-post-author\">\n\t    \n\t                <figure class=\"post-image tf_clearfix\">\n                                                            <a href=\"https:\/\/hudsoncreativehub.org\/fr\/discover-our-2025-2026-hudson-listening-room-concert-series\/\">\n                                        <img loading=\"lazy\" decoding=\"async\" width=\"1800\" height=\"995\" src=\"https:\/\/hudsoncreativehub.org\/wp-content\/uploads\/2025\/10\/EN-listening-room.png\" class=\"wp-post-image wp-image-1638\" title=\"EN listening room\" alt=\"EN listening room\" srcset=\"https:\/\/hudsoncreativehub.org\/wp-content\/uploads\/2025\/10\/EN-listening-room.png 1800w, https:\/\/hudsoncreativehub.org\/wp-content\/uploads\/2025\/10\/EN-listening-room-300x166.png 300w, https:\/\/hudsoncreativehub.org\/wp-content\/uploads\/2025\/10\/EN-listening-room-1024x566.png 1024w, https:\/\/hudsoncreativehub.org\/wp-content\/uploads\/2025\/10\/EN-listening-room-768x425.png 768w, https:\/\/hudsoncreativehub.org\/wp-content\/uploads\/2025\/10\/EN-listening-room-1536x849.png 1536w, https:\/\/hudsoncreativehub.org\/wp-content\/uploads\/2025\/10\/EN-listening-room-18x10.png 18w, https:\/\/hudsoncreativehub.org\/wp-content\/uploads\/2025\/10\/EN-listening-room-1024x566-360x200.png 360w\" sizes=\"auto, (max-width: 1800px) 100vw, 1800px\" \/>                                                                    <\/a>\n                                                                <\/figure>\n                    \t<div class=\"post-content\">\n\t\t<div class=\"post-content-inner\">\n\n\t\t\t\t\t\t\t\t<div class=\"post-date-wrap post-date-inline\">\n\t\t<time class=\"post-date entry-date updated\" datetime=\"2025-06-13\">\n\t\t\t\t\t<span class=\"year\">juin 13, 2025<\/span>\n\t\t\t\t<\/time>\n\t<\/div><!-- .post-date-wrap -->\n\t\t\t\t\n\t\t\t<h2 class=\"post-title entry-title\"><a href=\"https:\/\/hudsoncreativehub.org\/fr\/discover-our-2025-2026-hudson-listening-room-concert-series\/\">D\u00e9couvrez notre s\u00e9rie de concerts 2025-2026 \u00e0 la salle d'\u00e9coute Hudson<\/a><\/h2>\n\t\t\t\n\t\t\t\n\t\t\t        <div class=\"entry-content\">\n\n        \n            <p>Le Hub est fier de d\u00e9voiler sa s\u00e9rie de concerts 2025-2026 de la salle d'\u00e9coute Hudson, qui accueillera des artistes de renom de partout au Canada pour des performances intimistes et vari\u00e9es : 17 juillet \u2013 Rube &amp; Rake avec Kristen Martell. Le duo terre-neuvien Rube &amp; Rake m\u00eale des sonorit\u00e9s complexes [\u2026]<\/p>\n\n                \n            \n        <\/div><!-- \/.entry-content -->\n        \n\t\t<\/div>\n\t\t<!-- \/.post-content-inner -->\n\t<\/div>\n\t<!-- \/.post-content -->\n\t\n<\/article>\n<!-- \/.post -->\n<article id=\"post-1452\" class=\"post tf_clearfix post-1452 type-post status-publish format-standard has-post-thumbnail hentry category-news tag-fundraising has-post-title has-post-date has-post-category has-post-tag has-post-comment has-post-author\">\n\t    \n\t                <figure class=\"post-image tf_clearfix\">\n                                                            <a href=\"https:\/\/hudsoncreativehub.org\/fr\/2025-gala\/\">\n                                        <img loading=\"lazy\" decoding=\"async\" width=\"480\" height=\"640\" src=\"https:\/\/hudsoncreativehub.org\/wp-content\/uploads\/2025\/10\/IMG_0256.jpeg\" class=\"wp-post-image wp-image-1506\" title=\"IMG_0256\" alt=\"IMG_0256\" srcset=\"https:\/\/hudsoncreativehub.org\/wp-content\/uploads\/2025\/10\/IMG_0256.jpeg 480w, https:\/\/hudsoncreativehub.org\/wp-content\/uploads\/2025\/10\/IMG_0256-225x300.jpeg 225w, https:\/\/hudsoncreativehub.org\/wp-content\/uploads\/2025\/10\/IMG_0256-9x12.jpeg 9w\" sizes=\"auto, (max-width: 480px) 100vw, 480px\" \/>                                                                    <\/a>\n                                                                <\/figure>\n                    \t<div class=\"post-content\">\n\t\t<div class=\"post-content-inner\">\n\n\t\t\t\t\t\t\t\t<div class=\"post-date-wrap post-date-inline\">\n\t\t<time class=\"post-date entry-date updated\" datetime=\"2025-06-10\">\n\t\t\t\t\t<span class=\"year\">juin 10, 2025<\/span>\n\t\t\t\t<\/time>\n\t<\/div><!-- .post-date-wrap -->\n\t\t\t\t\n\t\t\t<h2 class=\"post-title entry-title\"><a href=\"https:\/\/hudsoncreativehub.org\/fr\/2025-gala\/\">Hudson Creative Hub place la barre tr\u00e8s haut \u2014 et bien plus encore \u2014 lors de son gala 2025<\/a><\/h2>\n\t\t\t\n\t\t\t\n\t\t\t        <div class=\"entry-content\">\n\n        \n            <p>65 000 $ amass\u00e9s pour la r\u00e9novation du b\u00e2timent. Le Hudson Creative Hub c\u00e9l\u00e8bre une \u00e9tape importante et inspirante suite au succ\u00e8s retentissant de son gala de financement 2025, S\u00e9r\u00e9nade au Vignoble. Organis\u00e9 le 7 juin au pittoresque vignoble Souffle de Vie \u00e0 Senneville, l\u2019\u00e9v\u00e9nement [\u2026]<\/p>\n\n                \n            \n        <\/div><!-- \/.entry-content -->\n        \n\t\t<\/div>\n\t\t<!-- \/.post-content-inner -->\n\t<\/div>\n\t<!-- \/.post-content -->\n\t\n<\/article>\n<!-- \/.post -->\n    <\/div><!-- .builder-posts-wrap -->\n            <\/div>\n<!-- \/module post -->\n            <\/div>\n                    <\/div>\n                <\/div>\n                    <\/div>\n                <\/div>\n                        <\/div>\n        <\/div>\n        <\/div>\n<!--\/themify_builder_content-->","protected":false},"excerpt":{"rendered":"<p>Quoi de neuf au Hub<\/p>","protected":false},"author":1,"featured_media":0,"parent":0,"menu_order":0,"comment_status":"closed","ping_status":"closed","template":"","meta":{"_price":"","_stock":"","_tribe_ticket_header":"","_tribe_default_ticket_provider":"","_tribe_ticket_capacity":"0","_ticket_start_date":"","_ticket_end_date":"","_tribe_ticket_show_description":"","_tribe_ticket_show_not_going":false,"_tribe_ticket_use_global_stock":"","_tribe_ticket_global_stock_level":"","_global_stock_mode":"","_global_stock_cap":"","_tribe_rsvp_for_event":"","_tribe_ticket_going_count":"","_tribe_ticket_not_going_count":"","_tribe_tickets_list":"[]","_tribe_ticket_has_attendee_info_fields":false,"footnotes":"","_tec_slr_enabled":"","_tec_slr_layout":""},"class_list":["post-1415","page","type-page","status-publish","hentry","has-post-title","has-post-date","has-post-category","has-post-tag","has-post-comment","has-post-author",""],"yoast_head":"<!-- This site is optimized with the Yoast SEO plugin v27.3 - https:\/\/yoast.com\/product\/yoast-seo-wordpress\/ -->\n<title>News - Hudson Creative Hub<\/title>\n<meta name=\"robots\" content=\"index, follow, max-snippet:-1, max-image-preview:large, max-video-preview:-1\" \/>\n<link rel=\"canonical\" href=\"https:\/\/hudsoncreativehub.org\/fr\/news\/\" \/>\n<meta property=\"og:locale\" content=\"fr_CA\" \/>\n<meta property=\"og:type\" content=\"article\" \/>\n<meta property=\"og:title\" content=\"News - Hudson Creative Hub\" \/>\n<meta property=\"og:description\" content=\"What&#039;s New at the Hub\" \/>\n<meta property=\"og:url\" content=\"https:\/\/hudsoncreativehub.org\/fr\/news\/\" \/>\n<meta property=\"og:site_name\" content=\"Hudson Creative Hub\" \/>\n<meta property=\"article:modified_time\" content=\"2025-12-08T16:59:01+00:00\" \/>\n<meta name=\"twitter:card\" content=\"summary_large_image\" \/>\n<script type=\"application\/ld+json\" class=\"yoast-schema-graph\">{\"@context\":\"https:\\\/\\\/schema.org\",\"@graph\":[{\"@type\":\"WebPage\",\"@id\":\"https:\\\/\\\/hudsoncreativehub.org\\\/news\\\/\",\"url\":\"https:\\\/\\\/hudsoncreativehub.org\\\/news\\\/\",\"name\":\"News - Hudson Creative Hub\",\"isPartOf\":{\"@id\":\"https:\\\/\\\/hudsoncreativehub.org\\\/#website\"},\"datePublished\":\"2025-10-22T15:49:15+00:00\",\"dateModified\":\"2025-12-08T16:59:01+00:00\",\"breadcrumb\":{\"@id\":\"https:\\\/\\\/hudsoncreativehub.org\\\/news\\\/#breadcrumb\"},\"inLanguage\":\"fr-CA\",\"potentialAction\":[{\"@type\":\"ReadAction\",\"target\":[\"https:\\\/\\\/hudsoncreativehub.org\\\/news\\\/\"]}]},{\"@type\":\"BreadcrumbList\",\"@id\":\"https:\\\/\\\/hudsoncreativehub.org\\\/news\\\/#breadcrumb\",\"itemListElement\":[{\"@type\":\"ListItem\",\"position\":1,\"name\":\"Home\",\"item\":\"https:\\\/\\\/hudsoncreativehub.org\\\/\"},{\"@type\":\"ListItem\",\"position\":2,\"name\":\"News\"}]},{\"@type\":\"WebSite\",\"@id\":\"https:\\\/\\\/hudsoncreativehub.org\\\/#website\",\"url\":\"https:\\\/\\\/hudsoncreativehub.org\\\/\",\"name\":\"Hudson Creative Hub\",\"description\":\"Creative Space for the Community\",\"potentialAction\":[{\"@type\":\"SearchAction\",\"target\":{\"@type\":\"EntryPoint\",\"urlTemplate\":\"https:\\\/\\\/hudsoncreativehub.org\\\/?s={search_term_string}\"},\"query-input\":{\"@type\":\"PropertyValueSpecification\",\"valueRequired\":true,\"valueName\":\"search_term_string\"}}],\"inLanguage\":\"fr-CA\"}]}<\/script>\n<!-- \/ Yoast SEO plugin. -->","yoast_head_json":{"title":"News - Hudson Creative Hub","robots":{"index":"index","follow":"follow","max-snippet":"max-snippet:-1","max-image-preview":"max-image-preview:large","max-video-preview":"max-video-preview:-1"},"canonical":"https:\/\/hudsoncreativehub.org\/fr\/news\/","og_locale":"fr_CA","og_type":"article","og_title":"News - Hudson Creative Hub","og_description":"What's New at the Hub","og_url":"https:\/\/hudsoncreativehub.org\/fr\/news\/","og_site_name":"Hudson Creative Hub","article_modified_time":"2025-12-08T16:59:01+00:00","twitter_card":"summary_large_image","schema":{"@context":"https:\/\/schema.org","@graph":[{"@type":"WebPage","@id":"https:\/\/hudsoncreativehub.org\/news\/","url":"https:\/\/hudsoncreativehub.org\/news\/","name":"News - Hudson Creative Hub","isPartOf":{"@id":"https:\/\/hudsoncreativehub.org\/#website"},"datePublished":"2025-10-22T15:49:15+00:00","dateModified":"2025-12-08T16:59:01+00:00","breadcrumb":{"@id":"https:\/\/hudsoncreativehub.org\/news\/#breadcrumb"},"inLanguage":"fr-CA","potentialAction":[{"@type":"ReadAction","target":["https:\/\/hudsoncreativehub.org\/news\/"]}]},{"@type":"BreadcrumbList","@id":"https:\/\/hudsoncreativehub.org\/news\/#breadcrumb","itemListElement":[{"@type":"ListItem","position":1,"name":"Home","item":"https:\/\/hudsoncreativehub.org\/"},{"@type":"ListItem","position":2,"name":"News"}]},{"@type":"WebSite","@id":"https:\/\/hudsoncreativehub.org\/#website","url":"https:\/\/hudsoncreativehub.org\/","name":"Centre Cr\u00e9atif Hudson","description":"Creative Space for the Community","potentialAction":[{"@type":"SearchAction","target":{"@type":"EntryPoint","urlTemplate":"https:\/\/hudsoncreativehub.org\/?s={search_term_string}"},"query-input":{"@type":"PropertyValueSpecification","valueRequired":true,"valueName":"search_term_string"}}],"inLanguage":"fr-CA"}]}},"builder_content":"<h1 style=\"text-align: center;\">What's New at the Hub<\/h1>\nStay up to date with what\u2019s happening at the Hudson Creative Hub. Catch up on recent announcements, milestones, and see how we are helping creativity thrive in Hudson.","ticketed":false,"_links":{"self":[{"href":"https:\/\/hudsoncreativehub.org\/fr\/wp-json\/wp\/v2\/pages\/1415","targetHints":{"allow":["GET"]}}],"collection":[{"href":"https:\/\/hudsoncreativehub.org\/fr\/wp-json\/wp\/v2\/pages"}],"about":[{"href":"https:\/\/hudsoncreativehub.org\/fr\/wp-json\/wp\/v2\/types\/page"}],"author":[{"embeddable":true,"href":"https:\/\/hudsoncreativehub.org\/fr\/wp-json\/wp\/v2\/users\/1"}],"replies":[{"embeddable":true,"href":"https:\/\/hudsoncreativehub.org\/fr\/wp-json\/wp\/v2\/comments?post=1415"}],"version-history":[{"count":16,"href":"https:\/\/hudsoncreativehub.org\/fr\/wp-json\/wp\/v2\/pages\/1415\/revisions"}],"predecessor-version":[{"id":2083,"href":"https:\/\/hudsoncreativehub.org\/fr\/wp-json\/wp\/v2\/pages\/1415\/revisions\/2083"}],"wp:attachment":[{"href":"https:\/\/hudsoncreativehub.org\/fr\/wp-json\/wp\/v2\/media?parent=1415"}],"curies":[{"name":"wp","href":"https:\/\/api.w.org\/{rel}","templated":true}]}}