{"id":1426,"date":"2025-10-22T16:03:40","date_gmt":"2025-10-22T16:03:40","guid":{"rendered":"https:\/\/hudsoncreativehub.org\/volunteer-copy\/"},"modified":"2025-12-08T17:41:05","modified_gmt":"2025-12-08T17:41:05","slug":"sponsorship","status":"publish","type":"page","link":"https:\/\/hudsoncreativehub.org\/fr\/sponsorship\/","title":{"rendered":"Parrainage"},"content":{"rendered":"<!--themify_builder_content-->\n<div id=\"themify_builder_content-1426\" data-postid=\"1426\" class=\"themify_builder_content themify_builder_content-1426 themify_builder tf_clear\">\n                    <div  data-lazy=\"1\" class=\"module_row themify_builder_row tb_2m97067 tb_first tf_w\">\n                        <div class=\"row_inner col_align_top tb_col_count_1 tf_box tf_rel\">\n                        <div  data-lazy=\"1\" class=\"module_column tb-column col-full tb_nx4y067 first\">\n                            <div  data-lazy=\"1\" class=\"module_subrow themify_builder_sub_row tf_w col_align_top tb_col_count_1 tb_9k1t700\">\n                <div  data-lazy=\"1\" class=\"module_column sub_column col-full tb_17kg060 first\">\n                    <!-- module text -->\n<div  class=\"module module-text tb_5y2q006\" data-lazy=\"1\">\n        <div  class=\"tb_text_wrap\">\n        <h1 style=\"text-align: center;\">Parrainage\u00a0<\/h1>    <\/div>\n<\/div>\n<!-- \/module text -->        <\/div>\n                    <\/div>\n                <\/div>\n                        <\/div>\n        <\/div>\n                        <div  data-lazy=\"1\" class=\"module_row themify_builder_row tb_gdhn946 tf_w\">\n                        <div class=\"row_inner col_align_middle tb_col_count_2 tf_box tf_rel\">\n                        <div  data-lazy=\"1\" class=\"module_column tb-column col4-2 tb_qta2000 first\">\n                    <!-- module text -->\n<div  class=\"module module-text tb_1jcm155\" data-lazy=\"1\">\n        <div  class=\"tb_text_wrap\">\n        <h2>Ensemble, nous faisons bouger les arts<\/h2>    <\/div>\n<\/div>\n<!-- \/module text --><!-- module text -->\n<div  class=\"module module-text tb_jmn4700\" data-lazy=\"1\">\n        <div  class=\"tb_text_wrap\">\n        <p data-start=\"543\" data-end=\"734\">Le Hudson Creative Hub prosp\u00e8re gr\u00e2ce \u00e0 la g\u00e9n\u00e9rosit\u00e9 d'entreprises locales, d'organisations et de particuliers qui croient en la capacit\u00e9 des arts \u00e0 relier les gens et \u00e0 enrichir notre communaut\u00e9.<\/p>\n<h3 data-start=\"231\" data-end=\"256\"><strong data-start=\"235\" data-end=\"254\">Fa\u00e7ons de soutenir<\/strong><\/h3>\n<p data-start=\"257\" data-end=\"317\">Il existe de nombreuses fa\u00e7ons d'avoir un impact par le biais du parrainage :<\/p>\n<ul data-start=\"319\" data-end=\"713\">\n<li data-start=\"319\" data-end=\"452\">\n<p data-start=\"321\" data-end=\"452\"><strong data-start=\"321\" data-end=\"343\">Parrainage d'\u00e9v\u00e9nements<\/strong> - Soutenez un concert, un atelier ou un \u00e9v\u00e9nement sp\u00e9cial et contribuez \u00e0 faire vivre des exp\u00e9riences inoubliables \u00e0 notre communaut\u00e9.<\/p>\n<\/li>\n<li data-start=\"453\" data-end=\"593\">\n<p data-start=\"455\" data-end=\"593\"><strong data-start=\"455\" data-end=\"480\">Contributions en nature<\/strong> - Faire don de biens ou de services professionnels qui nous aident \u00e0 organiser des \u00e9v\u00e9nements, \u00e0 entretenir nos locaux ou \u00e0 am\u00e9liorer nos programmes.<\/p>\n<\/li>\n<li data-start=\"594\" data-end=\"713\">\n<p data-start=\"596\" data-end=\"713\"><strong data-start=\"596\" data-end=\"619\">Partenariats annuels<\/strong> - Fournir un soutien continu qui aide \u00e0 soutenir la programmation tout au long de l'ann\u00e9e et la sensibilisation de la communaut\u00e9.<\/p>\n<\/li>\n<\/ul>\n<p data-start=\"715\" data-end=\"859\">Nous sommes heureux de travailler avec chaque sponsor pour cr\u00e9er un partenariat qui corresponde \u00e0 vos objectifs et qui mette en valeur votre engagement pour les arts \u00e0 Hudson. Si vous souhaitez en savoir plus sur les possibilit\u00e9s de parrainage, nous serions ravis d'entrer en contact avec vous.<\/p>    <\/div>\n<\/div>\n<!-- \/module text --><!-- module text -->\n<div  class=\"module module-text tb_g2wr246\" data-lazy=\"1\">\n        <div  class=\"tb_text_wrap\">\n        <p><a href=\"mailto:info@hudsoncreativehub.org\">CONTACTEZ-NOUS POUR PLUS DE D\u00c9TAILS<\/a><\/p>\n    <\/div>\n<\/div>\n<!-- \/module text -->        <\/div>\n                    <div  data-lazy=\"1\" class=\"module_column tb-column col4-2 tb_lxaf620 last\">\n                    <!-- module image -->\n<div  class=\"module module-image tb_tfwc167 image-top   tf_mw\" data-lazy=\"1\">\n        <div class=\"image-wrap tf_rel tf_mw\">\n            <img loading=\"lazy\" decoding=\"async\" src=\"https:\/\/hudsoncreativehub.org\/wp-content\/uploads\/2025\/10\/Skye-Consort-Emma-Bjorling-23-January-2025-photo-Steve-Gerrard-050-683x1024-482x564.jpeg\" width=\"482\" height=\"564\" class=\"wp-post-image wp-image-1465\" title=\"Skye Consort &amp; Emma Bj\u00f6rling 23 janvier 2025 - photo Steve Gerrard-050\" alt=\"Skye Consort &amp; Emma Bjo\u0308rling 23 January 2025 - photo Steve Gerrard-050\">    \n        <\/div>\n    <!-- \/image-wrap -->\n    \n        <\/div>\n<!-- \/module image -->        <\/div>\n                        <\/div>\n        <\/div>\n                        <div  data-lazy=\"1\" class=\"module_row themify_builder_row tb_ttv7287 tf_w\">\n                        <div class=\"row_inner col_align_top tb_col_count_1 tf_box tf_rel\">\n                        <div  data-lazy=\"1\" class=\"module_column tb-column col-full tb_ajlh287 first\">\n                    <!-- module template_part -->\n<div  class=\"module module-layout-part tb_2zbu551\">\n    <div class=\"tb_layout_part_wrap tf_w\"><!--themify_builder_content-->\n    <div  class=\"themify_builder_content themify_builder_content-1608 themify_builder not_editable_builder in_the_loop\" data-postid=\"1608\">\n                        <div  data-lazy=\"1\" class=\"module_row themify_builder_row tb_hfs6986 tf_w\">\n                        <div class=\"row_inner col_align_top tb_col_count_1 tf_box tf_rel\">\n                        <div  data-lazy=\"1\" class=\"module_column tb-column col-full tb_z5bf986 first\">\n                    <!-- module text -->\n<div  class=\"module module-text tb_onj6986\" data-lazy=\"1\">\n        <div  class=\"tb_text_wrap\">\n        <h2 style=\"text-align: center;\">Merci \u00e0 nos partenaires et sponsors<\/h2>    <\/div>\n<\/div>\n<!-- \/module text --><!-- module gallery -->\n<div  class=\"module gallery module-gallery tb_wz1d986 layout-grid\" data-lazy=\"1\">\n    <div class=\"module-gallery-grid\" style=\"--gald:5;--galt:5;--galm:5\">\n            <dl class=\"gallery-item\">\n            <dt class=\"gallery-icon\">\n            <a data-title=\"\" title=\"\" href=\"https:\/\/hudsoncreativehub.org\/wp-content\/uploads\/2025\/07\/download-2-200x130-1.jpg\" data-rel=\"tb_wz1d986\" class=\"themify_lightbox\"><img loading=\"lazy\" decoding=\"async\" src=\"https:\/\/hudsoncreativehub.org\/wp-content\/uploads\/2025\/07\/download-2-200x130-1-152x105.jpg\" width=\"152\" height=\"105\" class=\"wp-post-image wp-image-1048\" title=\"t\u00e9l\u00e9charger-2-200x130\" alt=\"download-2-200x130\"><\/a>            <\/dt>\n                    <\/dl>\n            <dl class=\"gallery-item\">\n            <dt class=\"gallery-icon\">\n            <a data-title=\"\" title=\"\" href=\"https:\/\/hudsoncreativehub.org\/wp-content\/uploads\/2025\/07\/download-200x200-1.jpeg\" data-rel=\"tb_wz1d986\" class=\"themify_lightbox\"><img loading=\"lazy\" decoding=\"async\" src=\"https:\/\/hudsoncreativehub.org\/wp-content\/uploads\/2025\/07\/download-200x200-1-152x105.jpeg\" width=\"152\" height=\"105\" class=\"wp-post-image wp-image-1047\" title=\"t\u00e9l\u00e9chargement-200x200\" alt=\"download-200x200\"><\/a>            <\/dt>\n                    <\/dl>\n            <dl class=\"gallery-item\">\n            <dt class=\"gallery-icon\">\n            <a data-title=\"\" title=\"\" href=\"https:\/\/hudsoncreativehub.org\/wp-content\/uploads\/2025\/07\/ServiceCan.png\" data-rel=\"tb_wz1d986\" class=\"themify_lightbox\"><img loading=\"lazy\" decoding=\"async\" src=\"https:\/\/hudsoncreativehub.org\/wp-content\/uploads\/2025\/07\/ServiceCan-152x105.png\" width=\"152\" height=\"105\" class=\"wp-post-image wp-image-1061\" title=\"ServiceCan\" alt=\"ServiceCan\"><\/a>            <\/dt>\n                    <\/dl>\n            <dl class=\"gallery-item\">\n            <dt class=\"gallery-icon\">\n            <a data-title=\"\" title=\"\" href=\"https:\/\/hudsoncreativehub.org\/wp-content\/uploads\/2025\/07\/cacvs-logo-coul-trans-600.jpg\" data-rel=\"tb_wz1d986\" class=\"themify_lightbox\"><img loading=\"lazy\" decoding=\"async\" src=\"https:\/\/hudsoncreativehub.org\/wp-content\/uploads\/2025\/07\/cacvs-logo-coul-trans-600-152x105.jpg\" width=\"152\" height=\"105\" class=\"wp-post-image wp-image-1060\" title=\"cacvs-logo-coul-trans-600\" alt=\"cacvs-logo-coul-trans-600\"><\/a>            <\/dt>\n                    <\/dl>\n            <dl class=\"gallery-item\">\n            <dt class=\"gallery-icon\">\n            <a data-title=\"\" title=\"\" href=\"https:\/\/hudsoncreativehub.org\/wp-content\/uploads\/2025\/07\/Nova-logo-color.jpg\" data-rel=\"tb_wz1d986\" class=\"themify_lightbox\"><img loading=\"lazy\" decoding=\"async\" src=\"https:\/\/hudsoncreativehub.org\/wp-content\/uploads\/2025\/07\/Nova-logo-color-152x105.jpg\" width=\"152\" height=\"105\" class=\"wp-post-image wp-image-1050\" title=\"Nova-logo-color\" alt=\"Nova-logo-color\"><\/a>            <\/dt>\n                    <\/dl>\n            <dl class=\"gallery-item\">\n            <dt class=\"gallery-icon\">\n            <a data-title=\"\" title=\"\" href=\"https:\/\/hudsoncreativehub.org\/wp-content\/uploads\/2025\/07\/logo-force-legal-350x200-1.jpeg\" data-rel=\"tb_wz1d986\" class=\"themify_lightbox\"><img loading=\"lazy\" decoding=\"async\" src=\"https:\/\/hudsoncreativehub.org\/wp-content\/uploads\/2025\/07\/logo-force-legal-350x200-1-152x105.jpeg\" width=\"152\" height=\"105\" class=\"wp-post-image wp-image-1051\" title=\"logo-force-legal-350x200-1\" alt=\"logo-force-legal-350x200-1\"><\/a>            <\/dt>\n                    <\/dl>\n            <dl class=\"gallery-item\">\n            <dt class=\"gallery-icon\">\n            <a data-title=\"\" title=\"\" href=\"https:\/\/hudsoncreativehub.org\/wp-content\/uploads\/2025\/07\/unnamed-file.jpg\" data-rel=\"tb_wz1d986\" class=\"themify_lightbox\"><img loading=\"lazy\" decoding=\"async\" src=\"https:\/\/hudsoncreativehub.org\/wp-content\/uploads\/2025\/07\/unnamed-file-152x105.jpg\" width=\"152\" height=\"105\" class=\"wp-post-image wp-image-1049\" title=\"fichier sans nom\" alt=\"unnamed-file\"><\/a>            <\/dt>\n                    <\/dl>\n            <dl class=\"gallery-item\">\n            <dt class=\"gallery-icon\">\n            <a data-title=\"\" title=\"\" href=\"https:\/\/hudsoncreativehub.org\/wp-content\/uploads\/2025\/10\/Troubadours-and-Vagabonds-logo.png\" data-rel=\"tb_wz1d986\" class=\"themify_lightbox\"><img loading=\"lazy\" decoding=\"async\" src=\"https:\/\/hudsoncreativehub.org\/wp-content\/uploads\/2025\/10\/Troubadours-and-Vagabonds-logo-152x105.png\" width=\"152\" height=\"105\" class=\"wp-post-image wp-image-1494\" title=\"Logo Troubadours et Vagabonds\" alt=\"Troubadours and Vagabonds logo\"><\/a>            <\/dt>\n                    <\/dl>\n            <dl class=\"gallery-item\">\n            <dt class=\"gallery-icon\">\n            <a data-title=\"\" title=\"\" href=\"https:\/\/hudsoncreativehub.org\/wp-content\/uploads\/2025\/10\/56de69b1-0f37-4e2b-8c41-6c341d9649ac.jpeg\" data-rel=\"tb_wz1d986\" class=\"themify_lightbox\"><img loading=\"lazy\" decoding=\"async\" src=\"https:\/\/hudsoncreativehub.org\/wp-content\/uploads\/2025\/10\/56de69b1-0f37-4e2b-8c41-6c341d9649ac-1024x1024-152x105.jpeg\" width=\"152\" height=\"105\" class=\"wp-post-image wp-image-1514\" title=\"56de69b1-0f37-4e2b-8c41-6c341d9649ac\" alt=\"Steve Gerrard Photography logo\"><\/a>            <\/dt>\n                    <\/dl>\n            <dl class=\"gallery-item\">\n            <dt class=\"gallery-icon\">\n            <a data-title=\"\" title=\"\" href=\"https:\/\/hudsoncreativehub.org\/wp-content\/uploads\/2025\/10\/Maison-Rose-Hudson-2-1.png\" data-rel=\"tb_wz1d986\" class=\"themify_lightbox\"><img loading=\"lazy\" decoding=\"async\" src=\"https:\/\/hudsoncreativehub.org\/wp-content\/uploads\/2025\/10\/Maison-Rose-Hudson-2-1-152x105.png\" width=\"152\" height=\"105\" class=\"wp-post-image wp-image-1522\" title=\"Maison Rose Hudson 2\" alt=\"Maison Rose Hudson 2\" srcset=\"https:\/\/hudsoncreativehub.org\/wp-content\/uploads\/2025\/10\/Maison-Rose-Hudson-2-1-152x105.png 152w, https:\/\/hudsoncreativehub.org\/wp-content\/uploads\/2025\/10\/Maison-Rose-Hudson-2-1-18x12.png 18w\" sizes=\"auto, (max-width: 152px) 100vw, 152px\" \/><\/a>            <\/dt>\n                    <\/dl>\n    <\/div>\n<\/div>\n<!-- \/module gallery -->        <\/div>\n                        <\/div>\n        <\/div>\n            <\/div>\n<!--\/themify_builder_content--><\/div>\n<\/div>\n<!-- \/module template_part -->        <\/div>\n                        <\/div>\n        <\/div>\n        <\/div>\n<!--\/themify_builder_content-->","protected":false},"excerpt":{"rendered":"<p>Parrainage\u00a0<\/p>","protected":false},"author":1,"featured_media":0,"parent":0,"menu_order":0,"comment_status":"closed","ping_status":"closed","template":"","meta":{"_price":"","_stock":"","_tribe_ticket_header":"","_tribe_default_ticket_provider":"","_tribe_ticket_capacity":"0","_ticket_start_date":"","_ticket_end_date":"","_tribe_ticket_show_description":"","_tribe_ticket_show_not_going":false,"_tribe_ticket_use_global_stock":"","_tribe_ticket_global_stock_level":"","_global_stock_mode":"","_global_stock_cap":"","_tribe_rsvp_for_event":"","_tribe_ticket_going_count":"","_tribe_ticket_not_going_count":"","_tribe_tickets_list":"[]","_tribe_ticket_has_attendee_info_fields":false,"footnotes":"","_tec_slr_enabled":"","_tec_slr_layout":""},"class_list":["post-1426","page","type-page","status-publish","hentry","has-post-title","has-post-date","has-post-category","has-post-tag","has-post-comment","has-post-author",""],"yoast_head":"<!-- This site is optimized with the Yoast SEO plugin v27.3 - https:\/\/yoast.com\/product\/yoast-seo-wordpress\/ -->\n<title>Sponsorship - Hudson Creative Hub<\/title>\n<meta name=\"robots\" content=\"index, follow, max-snippet:-1, max-image-preview:large, max-video-preview:-1\" \/>\n<link rel=\"canonical\" href=\"https:\/\/hudsoncreativehub.org\/fr\/sponsorship\/\" \/>\n<meta property=\"og:locale\" content=\"fr_CA\" \/>\n<meta property=\"og:type\" content=\"article\" \/>\n<meta property=\"og:title\" content=\"Sponsorship - Hudson Creative Hub\" \/>\n<meta property=\"og:description\" content=\"Sponsorship\u00a0\" \/>\n<meta property=\"og:url\" content=\"https:\/\/hudsoncreativehub.org\/fr\/sponsorship\/\" \/>\n<meta property=\"og:site_name\" content=\"Hudson Creative Hub\" \/>\n<meta property=\"article:modified_time\" content=\"2025-12-08T17:41:05+00:00\" \/>\n<meta property=\"og:image\" content=\"https:\/\/hudsoncreativehub.org\/wp-content\/uploads\/2025\/10\/Skye-Consort-Emma-Bjorling-23-January-2025-photo-Steve-Gerrard-050-683x1024-482x564.jpeg\" \/>\n<meta name=\"twitter:card\" content=\"summary_large_image\" \/>\n<meta name=\"twitter:label1\" content=\"Estimation du temps de lecture\" \/>\n\t<meta name=\"twitter:data1\" content=\"1 minute\" \/>\n<script type=\"application\/ld+json\" class=\"yoast-schema-graph\">{\"@context\":\"https:\\\/\\\/schema.org\",\"@graph\":[{\"@type\":\"WebPage\",\"@id\":\"https:\\\/\\\/hudsoncreativehub.org\\\/sponsorship\\\/\",\"url\":\"https:\\\/\\\/hudsoncreativehub.org\\\/sponsorship\\\/\",\"name\":\"Sponsorship - Hudson Creative Hub\",\"isPartOf\":{\"@id\":\"https:\\\/\\\/hudsoncreativehub.org\\\/#website\"},\"primaryImageOfPage\":{\"@id\":\"https:\\\/\\\/hudsoncreativehub.org\\\/sponsorship\\\/#primaryimage\"},\"image\":{\"@id\":\"https:\\\/\\\/hudsoncreativehub.org\\\/sponsorship\\\/#primaryimage\"},\"thumbnailUrl\":\"https:\\\/\\\/hudsoncreativehub.org\\\/wp-content\\\/uploads\\\/2025\\\/10\\\/Skye-Consort-Emma-Bjorling-23-January-2025-photo-Steve-Gerrard-050-683x1024-482x564.jpeg\",\"datePublished\":\"2025-10-22T16:03:40+00:00\",\"dateModified\":\"2025-12-08T17:41:05+00:00\",\"breadcrumb\":{\"@id\":\"https:\\\/\\\/hudsoncreativehub.org\\\/sponsorship\\\/#breadcrumb\"},\"inLanguage\":\"fr-CA\",\"potentialAction\":[{\"@type\":\"ReadAction\",\"target\":[\"https:\\\/\\\/hudsoncreativehub.org\\\/sponsorship\\\/\"]}]},{\"@type\":\"ImageObject\",\"inLanguage\":\"fr-CA\",\"@id\":\"https:\\\/\\\/hudsoncreativehub.org\\\/sponsorship\\\/#primaryimage\",\"url\":\"https:\\\/\\\/hudsoncreativehub.org\\\/wp-content\\\/uploads\\\/2025\\\/10\\\/Skye-Consort-Emma-Bjorling-23-January-2025-photo-Steve-Gerrard-050-683x1024-482x564.jpeg\",\"contentUrl\":\"https:\\\/\\\/hudsoncreativehub.org\\\/wp-content\\\/uploads\\\/2025\\\/10\\\/Skye-Consort-Emma-Bjorling-23-January-2025-photo-Steve-Gerrard-050-683x1024-482x564.jpeg\"},{\"@type\":\"BreadcrumbList\",\"@id\":\"https:\\\/\\\/hudsoncreativehub.org\\\/sponsorship\\\/#breadcrumb\",\"itemListElement\":[{\"@type\":\"ListItem\",\"position\":1,\"name\":\"Home\",\"item\":\"https:\\\/\\\/hudsoncreativehub.org\\\/\"},{\"@type\":\"ListItem\",\"position\":2,\"name\":\"Sponsorship\"}]},{\"@type\":\"WebSite\",\"@id\":\"https:\\\/\\\/hudsoncreativehub.org\\\/#website\",\"url\":\"https:\\\/\\\/hudsoncreativehub.org\\\/\",\"name\":\"Hudson Creative Hub\",\"description\":\"Creative Space for the Community\",\"potentialAction\":[{\"@type\":\"SearchAction\",\"target\":{\"@type\":\"EntryPoint\",\"urlTemplate\":\"https:\\\/\\\/hudsoncreativehub.org\\\/?s={search_term_string}\"},\"query-input\":{\"@type\":\"PropertyValueSpecification\",\"valueRequired\":true,\"valueName\":\"search_term_string\"}}],\"inLanguage\":\"fr-CA\"}]}<\/script>\n<!-- \/ Yoast SEO plugin. -->","yoast_head_json":{"title":"Sponsorship - Hudson Creative Hub","robots":{"index":"index","follow":"follow","max-snippet":"max-snippet:-1","max-image-preview":"max-image-preview:large","max-video-preview":"max-video-preview:-1"},"canonical":"https:\/\/hudsoncreativehub.org\/fr\/sponsorship\/","og_locale":"fr_CA","og_type":"article","og_title":"Sponsorship - Hudson Creative Hub","og_description":"Sponsorship\u00a0","og_url":"https:\/\/hudsoncreativehub.org\/fr\/sponsorship\/","og_site_name":"Hudson Creative Hub","article_modified_time":"2025-12-08T17:41:05+00:00","og_image":[{"url":"https:\/\/hudsoncreativehub.org\/wp-content\/uploads\/2025\/10\/Skye-Consort-Emma-Bjorling-23-January-2025-photo-Steve-Gerrard-050-683x1024-482x564.jpeg","type":"","width":"","height":""}],"twitter_card":"summary_large_image","twitter_misc":{"Estimation du temps de lecture":"1 minute"},"schema":{"@context":"https:\/\/schema.org","@graph":[{"@type":"WebPage","@id":"https:\/\/hudsoncreativehub.org\/sponsorship\/","url":"https:\/\/hudsoncreativehub.org\/sponsorship\/","name":"Sponsorship - Hudson Creative Hub","isPartOf":{"@id":"https:\/\/hudsoncreativehub.org\/#website"},"primaryImageOfPage":{"@id":"https:\/\/hudsoncreativehub.org\/sponsorship\/#primaryimage"},"image":{"@id":"https:\/\/hudsoncreativehub.org\/sponsorship\/#primaryimage"},"thumbnailUrl":"https:\/\/hudsoncreativehub.org\/wp-content\/uploads\/2025\/10\/Skye-Consort-Emma-Bjorling-23-January-2025-photo-Steve-Gerrard-050-683x1024-482x564.jpeg","datePublished":"2025-10-22T16:03:40+00:00","dateModified":"2025-12-08T17:41:05+00:00","breadcrumb":{"@id":"https:\/\/hudsoncreativehub.org\/sponsorship\/#breadcrumb"},"inLanguage":"fr-CA","potentialAction":[{"@type":"ReadAction","target":["https:\/\/hudsoncreativehub.org\/sponsorship\/"]}]},{"@type":"ImageObject","inLanguage":"fr-CA","@id":"https:\/\/hudsoncreativehub.org\/sponsorship\/#primaryimage","url":"https:\/\/hudsoncreativehub.org\/wp-content\/uploads\/2025\/10\/Skye-Consort-Emma-Bjorling-23-January-2025-photo-Steve-Gerrard-050-683x1024-482x564.jpeg","contentUrl":"https:\/\/hudsoncreativehub.org\/wp-content\/uploads\/2025\/10\/Skye-Consort-Emma-Bjorling-23-January-2025-photo-Steve-Gerrard-050-683x1024-482x564.jpeg"},{"@type":"BreadcrumbList","@id":"https:\/\/hudsoncreativehub.org\/sponsorship\/#breadcrumb","itemListElement":[{"@type":"ListItem","position":1,"name":"Home","item":"https:\/\/hudsoncreativehub.org\/"},{"@type":"ListItem","position":2,"name":"Sponsorship"}]},{"@type":"WebSite","@id":"https:\/\/hudsoncreativehub.org\/#website","url":"https:\/\/hudsoncreativehub.org\/","name":"Centre Cr\u00e9atif Hudson","description":"Creative Space for the Community","potentialAction":[{"@type":"SearchAction","target":{"@type":"EntryPoint","urlTemplate":"https:\/\/hudsoncreativehub.org\/?s={search_term_string}"},"query-input":{"@type":"PropertyValueSpecification","valueRequired":true,"valueName":"search_term_string"}}],"inLanguage":"fr-CA"}]}},"builder_content":"<h1 style=\"text-align: center;\">Sponsorship\u00a0<\/h1>\n<h2>Together, we make the arts happen<\/h2>\n<p data-start=\"543\" data-end=\"734\">The Hudson Creative Hub thrives thanks to the generosity of local businesses, organizations, and individuals who believe in the power of the arts to connect people and enrich our community.<\/p> <h3 data-start=\"231\" data-end=\"256\"><strong data-start=\"235\" data-end=\"254\">Ways to Support<\/strong><\/h3> <p data-start=\"257\" data-end=\"317\">There are many ways to make an impact through sponsorship:<\/p> <ul data-start=\"319\" data-end=\"713\"> <li data-start=\"319\" data-end=\"452\"> <p data-start=\"321\" data-end=\"452\"><strong data-start=\"321\" data-end=\"343\">Event Sponsorships<\/strong> \u2013 Support a concert, workshop, or special event and help bring unforgettable experiences to our community.<\/p> <\/li> <li data-start=\"453\" data-end=\"593\"> <p data-start=\"455\" data-end=\"593\"><strong data-start=\"455\" data-end=\"480\">In-Kind Contributions<\/strong> \u2013 Donate goods or professional services that help us host events, maintain our space, or enhance our programs.<\/p> <\/li> <li data-start=\"594\" data-end=\"713\"> <p data-start=\"596\" data-end=\"713\"><strong data-start=\"596\" data-end=\"619\">Annual Partnerships<\/strong> \u2013 Provide ongoing support that helps sustain year-round programming and community outreach.<\/p> <\/li> <\/ul> <p data-start=\"715\" data-end=\"859\">We\u2019re happy to work with each sponsor to create a partnership that aligns with your goals and showcases your commitment to the arts in Hudson. If you\u2019re interested in learning more about sponsorship opportunities, we\u2019d love to connect.<\/p>\n<p><a href=\"mailto:info@hudsoncreativehub.org \">CONTACT US FOR MORE DETAILS<\/a><\/p>\n<img src=\"https:\/\/hudsoncreativehub.org\/wp-content\/uploads\/2025\/10\/Skye-Consort-Emma-Bjorling-23-January-2025-photo-Steve-Gerrard-050-683x1024-482x564.jpeg\" width=\"482\" height=\"564\" title=\"Skye Consort &amp; Emma Bjo\u0308rling 23 January 2025 - photo Steve Gerrard-050\" alt=\"Skye Consort &amp; Emma Bjo\u0308rling 23 January 2025 - photo Steve Gerrard-050\">","ticketed":false,"_links":{"self":[{"href":"https:\/\/hudsoncreativehub.org\/fr\/wp-json\/wp\/v2\/pages\/1426","targetHints":{"allow":["GET"]}}],"collection":[{"href":"https:\/\/hudsoncreativehub.org\/fr\/wp-json\/wp\/v2\/pages"}],"about":[{"href":"https:\/\/hudsoncreativehub.org\/fr\/wp-json\/wp\/v2\/types\/page"}],"author":[{"embeddable":true,"href":"https:\/\/hudsoncreativehub.org\/fr\/wp-json\/wp\/v2\/users\/1"}],"replies":[{"embeddable":true,"href":"https:\/\/hudsoncreativehub.org\/fr\/wp-json\/wp\/v2\/comments?post=1426"}],"version-history":[{"count":21,"href":"https:\/\/hudsoncreativehub.org\/fr\/wp-json\/wp\/v2\/pages\/1426\/revisions"}],"predecessor-version":[{"id":2088,"href":"https:\/\/hudsoncreativehub.org\/fr\/wp-json\/wp\/v2\/pages\/1426\/revisions\/2088"}],"wp:attachment":[{"href":"https:\/\/hudsoncreativehub.org\/fr\/wp-json\/wp\/v2\/media?parent=1426"}],"curies":[{"name":"wp","href":"https:\/\/api.w.org\/{rel}","templated":true}]}}