{"id":2417,"date":"2026-04-11T16:47:58","date_gmt":"2026-04-11T16:47:58","guid":{"rendered":"https:\/\/hudsoncreativehub.org\/programs\/animation-creation-summer-day-camp-copy\/"},"modified":"2026-04-11T17:08:54","modified_gmt":"2026-04-11T17:08:54","slug":"summers-stars-camp","status":"publish","type":"page","link":"https:\/\/hudsoncreativehub.org\/fr\/programs\/summers-stars-camp\/","title":{"rendered":"Camp de jour Summer Stars"},"content":{"rendered":"<!--themify_builder_content-->\n<div id=\"themify_builder_content-2417\" data-postid=\"2417\" class=\"themify_builder_content themify_builder_content-2417 themify_builder tf_clear\">\n                    <div  data-lazy=\"1\" class=\"module_row themify_builder_row tb_3pn5905 tb_first tf_w\">\n                        <div class=\"row_inner col_align_top tb_col_count_1 tf_box tf_rel\">\n                        <div  data-lazy=\"1\" class=\"module_column tb-column col-full tb_yose386 first\">\n                            <div  data-lazy=\"1\" class=\"module_subrow themify_builder_sub_row tf_w col_align_top tb_col_count_1 tb_ziwg888\">\n                <div  data-lazy=\"1\" class=\"module_column sub_column col-full tb_z2dn990 first\">\n                    <!-- module image -->\n<div  class=\"module module-image tb_rik9394 image-top   tf_mw\" data-lazy=\"1\">\n        <div class=\"image-wrap tf_rel tf_mw\">\n            <img loading=\"lazy\" decoding=\"async\" width=\"1707\" height=\"2560\" src=\"https:\/\/hudsoncreativehub.org\/wp-content\/uploads\/2026\/04\/Summer-camp-2026-scaled.png\" class=\"wp-post-image wp-image-2422\" title=\"Summer camp 2026\" alt=\"Summer camp 2026\" srcset=\"https:\/\/hudsoncreativehub.org\/wp-content\/uploads\/2026\/04\/Summer-camp-2026-scaled.png 1707w, https:\/\/hudsoncreativehub.org\/wp-content\/uploads\/2026\/04\/Summer-camp-2026-200x300.png 200w, https:\/\/hudsoncreativehub.org\/wp-content\/uploads\/2026\/04\/Summer-camp-2026-683x1024.png 683w, https:\/\/hudsoncreativehub.org\/wp-content\/uploads\/2026\/04\/Summer-camp-2026-768x1152.png 768w, https:\/\/hudsoncreativehub.org\/wp-content\/uploads\/2026\/04\/Summer-camp-2026-1024x1536.png 1024w, https:\/\/hudsoncreativehub.org\/wp-content\/uploads\/2026\/04\/Summer-camp-2026-1365x2048.png 1365w, https:\/\/hudsoncreativehub.org\/wp-content\/uploads\/2026\/04\/Summer-camp-2026-8x12.png 8w\" sizes=\"auto, (max-width: 1707px) 100vw, 1707px\" \/>    \n        <\/div>\n    <!-- \/image-wrap -->\n    \n        <\/div>\n<!-- \/module image -->        <\/div>\n                    <\/div>\n                <\/div>\n                        <\/div>\n        <\/div>\n                        <div  data-lazy=\"1\" class=\"module_row themify_builder_row tb_e1kn089 tf_w\">\n                        <div class=\"row_inner col_align_top tb_col_count_1 tf_box tf_rel\">\n                        <div  data-lazy=\"1\" class=\"module_column tb-column col-full tb_8a4g080 first\">\n                    <!-- module text -->\n<div  class=\"module module-text tb_400g103\" data-lazy=\"1\">\n        <div  class=\"tb_text_wrap\">\n        <p>\u00a0<\/p>\n<p>Summer Stars est un camp de th\u00e9\u00e2tre intensif pour les jeunes de 9 \u00e0 14 ans. En seulement deux semaines, les participants passeront par toutes les \u00e9tapes : auditions, r\u00e9p\u00e9titions, cr\u00e9ation et repr\u00e9sentation !\n\nChaque journ\u00e9e d\u00e9butera par des \u00e9chauffements et des jeux th\u00e9\u00e2traux pour stimuler le corps et l\u2019esprit. D\u00e8s le premier jour, les \u00e9l\u00e8ves passeront des auditions pour la pi\u00e8ce. Pendant l\u2019heure du d\u00eener, les r\u00f4les seront attribu\u00e9s par les instructeurs et, avant la fin de la journ\u00e9e, la premi\u00e8re r\u00e9p\u00e9tition sera d\u00e9j\u00e0 en cours !\n\nLes enfants construiront leur propre d\u00e9cor, concevront leurs costumes et collaboreront pour cr\u00e9er un spectacle complet, pr\u00e9sent\u00e9 devant famille et amis lors de la derni\u00e8re journ\u00e9e du camp, sur la sc\u00e8ne du Centre Cr\u00e9atif Hudson.<\/p>\n<p>Veuillez fournir un diner\u00a0froid, une bouteille d\u2019eau et une collation. Le camp se d\u00e9roule \u00e0 l\u2019int\u00e9rieur \u2014 pas besoin de cr\u00e8me solaire ni de chasse-moustiques.<p><p>Le camp se d\u00e9roulera en anglais\u00a0<\/p>    <\/div>\n<\/div>\n<!-- \/module text -->        <\/div>\n                        <\/div>\n        <\/div>\n                        <div  data-lazy=\"1\" class=\"module_row themify_builder_row tb_4z06102 tf_w\">\n                        <div class=\"row_inner col_align_top tb_col_count_1 tf_box tf_rel\">\n                        <div  data-lazy=\"1\" class=\"module_column tb-column col-full tb_wufj102 first\">\n                    <!-- module buttons -->\n<div  class=\"module module-buttons tb_z5f6459 buttons-horizontal solid   rounded\" data-lazy=\"1\">\n        <div class=\"module-buttons-item tf_in_flx\">\n                        <a href=\"https:\/\/yonderwindow.co\/\" class=\"ui builder_button tf_in_flx purple\" target=\"_blank\" rel=\"noopener\">\n                                                INSCRIPTION                                        <\/a>\n                <\/div>\n            <\/div>\n<!-- \/module buttons -->\n        <\/div>\n                        <\/div>\n        <\/div>\n        <\/div>\n<!--\/themify_builder_content-->\n\n\n<p><\/p>","protected":false},"excerpt":{"rendered":"","protected":false},"author":5,"featured_media":0,"parent":1287,"menu_order":0,"comment_status":"closed","ping_status":"closed","template":"","meta":{"_price":"","_stock":"","_tribe_ticket_header":"","_tribe_default_ticket_provider":"","_tribe_ticket_capacity":"0","_ticket_start_date":"","_ticket_end_date":"","_tribe_ticket_show_description":"","_tribe_ticket_show_not_going":false,"_tribe_ticket_use_global_stock":"","_tribe_ticket_global_stock_level":"","_global_stock_mode":"","_global_stock_cap":"","_tribe_rsvp_for_event":"","_tribe_ticket_going_count":"","_tribe_ticket_not_going_count":"","_tribe_tickets_list":"[]","_tribe_ticket_has_attendee_info_fields":false,"footnotes":"","_tec_slr_enabled":"","_tec_slr_layout":""},"class_list":["post-2417","page","type-page","status-publish","hentry","has-post-title","has-post-date","has-post-category","has-post-tag","has-post-comment","has-post-author",""],"yoast_head":"<!-- This site is optimized with the Yoast SEO plugin v27.3 - https:\/\/yoast.com\/product\/yoast-seo-wordpress\/ -->\n<title>Summers Stars Camp - Hudson Creative Hub<\/title>\n<meta name=\"robots\" content=\"index, follow, max-snippet:-1, max-image-preview:large, max-video-preview:-1\" \/>\n<link rel=\"canonical\" href=\"https:\/\/hudsoncreativehub.org\/fr\/programs\/summers-stars-camp\/\" \/>\n<meta property=\"og:locale\" content=\"fr_CA\" \/>\n<meta property=\"og:type\" content=\"article\" \/>\n<meta property=\"og:title\" content=\"Summers Stars Camp - Hudson Creative Hub\" \/>\n<meta property=\"og:url\" content=\"https:\/\/hudsoncreativehub.org\/fr\/programs\/summers-stars-camp\/\" \/>\n<meta property=\"og:site_name\" content=\"Hudson Creative Hub\" \/>\n<meta property=\"article:modified_time\" content=\"2026-04-11T17:08:54+00:00\" \/>\n<meta property=\"og:image\" content=\"https:\/\/hudsoncreativehub.org\/wp-content\/uploads\/2026\/04\/Summer-camp-2026-scaled.png\" \/>\n<meta name=\"twitter:card\" content=\"summary_large_image\" \/>\n<meta name=\"twitter:label1\" content=\"Estimation du temps de lecture\" \/>\n\t<meta name=\"twitter:data1\" content=\"1 minute\" \/>\n<script type=\"application\/ld+json\" class=\"yoast-schema-graph\">{\"@context\":\"https:\\\/\\\/schema.org\",\"@graph\":[{\"@type\":\"WebPage\",\"@id\":\"https:\\\/\\\/hudsoncreativehub.org\\\/programs\\\/summers-stars-camp\\\/\",\"url\":\"https:\\\/\\\/hudsoncreativehub.org\\\/programs\\\/summers-stars-camp\\\/\",\"name\":\"Summers Stars Camp - Hudson Creative Hub\",\"isPartOf\":{\"@id\":\"https:\\\/\\\/hudsoncreativehub.org\\\/#website\"},\"primaryImageOfPage\":{\"@id\":\"https:\\\/\\\/hudsoncreativehub.org\\\/programs\\\/summers-stars-camp\\\/#primaryimage\"},\"image\":{\"@id\":\"https:\\\/\\\/hudsoncreativehub.org\\\/programs\\\/summers-stars-camp\\\/#primaryimage\"},\"thumbnailUrl\":\"https:\\\/\\\/hudsoncreativehub.org\\\/wp-content\\\/uploads\\\/2026\\\/04\\\/Summer-camp-2026-scaled.png\",\"datePublished\":\"2026-04-11T16:47:58+00:00\",\"dateModified\":\"2026-04-11T17:08:54+00:00\",\"breadcrumb\":{\"@id\":\"https:\\\/\\\/hudsoncreativehub.org\\\/programs\\\/summers-stars-camp\\\/#breadcrumb\"},\"inLanguage\":\"fr-CA\",\"potentialAction\":[{\"@type\":\"ReadAction\",\"target\":[\"https:\\\/\\\/hudsoncreativehub.org\\\/programs\\\/summers-stars-camp\\\/\"]}]},{\"@type\":\"ImageObject\",\"inLanguage\":\"fr-CA\",\"@id\":\"https:\\\/\\\/hudsoncreativehub.org\\\/programs\\\/summers-stars-camp\\\/#primaryimage\",\"url\":\"https:\\\/\\\/hudsoncreativehub.org\\\/wp-content\\\/uploads\\\/2026\\\/04\\\/Summer-camp-2026-scaled.png\",\"contentUrl\":\"https:\\\/\\\/hudsoncreativehub.org\\\/wp-content\\\/uploads\\\/2026\\\/04\\\/Summer-camp-2026-scaled.png\"},{\"@type\":\"BreadcrumbList\",\"@id\":\"https:\\\/\\\/hudsoncreativehub.org\\\/programs\\\/summers-stars-camp\\\/#breadcrumb\",\"itemListElement\":[{\"@type\":\"ListItem\",\"position\":1,\"name\":\"Home\",\"item\":\"https:\\\/\\\/hudsoncreativehub.org\\\/\"},{\"@type\":\"ListItem\",\"position\":2,\"name\":\"Programs\",\"item\":\"https:\\\/\\\/hudsoncreativehub.org\\\/programs\\\/\"},{\"@type\":\"ListItem\",\"position\":3,\"name\":\"Summers Stars Camp\"}]},{\"@type\":\"WebSite\",\"@id\":\"https:\\\/\\\/hudsoncreativehub.org\\\/#website\",\"url\":\"https:\\\/\\\/hudsoncreativehub.org\\\/\",\"name\":\"Hudson Creative Hub\",\"description\":\"Creative Space for the Community\",\"potentialAction\":[{\"@type\":\"SearchAction\",\"target\":{\"@type\":\"EntryPoint\",\"urlTemplate\":\"https:\\\/\\\/hudsoncreativehub.org\\\/?s={search_term_string}\"},\"query-input\":{\"@type\":\"PropertyValueSpecification\",\"valueRequired\":true,\"valueName\":\"search_term_string\"}}],\"inLanguage\":\"fr-CA\"}]}<\/script>\n<!-- \/ Yoast SEO plugin. -->","yoast_head_json":{"title":"Summers Stars Camp - Hudson Creative Hub","robots":{"index":"index","follow":"follow","max-snippet":"max-snippet:-1","max-image-preview":"max-image-preview:large","max-video-preview":"max-video-preview:-1"},"canonical":"https:\/\/hudsoncreativehub.org\/fr\/programs\/summers-stars-camp\/","og_locale":"fr_CA","og_type":"article","og_title":"Summers Stars Camp - Hudson Creative Hub","og_url":"https:\/\/hudsoncreativehub.org\/fr\/programs\/summers-stars-camp\/","og_site_name":"Hudson Creative Hub","article_modified_time":"2026-04-11T17:08:54+00:00","og_image":[{"url":"https:\/\/hudsoncreativehub.org\/wp-content\/uploads\/2026\/04\/Summer-camp-2026-scaled.png","type":"","width":"","height":""}],"twitter_card":"summary_large_image","twitter_misc":{"Estimation du temps de lecture":"1 minute"},"schema":{"@context":"https:\/\/schema.org","@graph":[{"@type":"WebPage","@id":"https:\/\/hudsoncreativehub.org\/programs\/summers-stars-camp\/","url":"https:\/\/hudsoncreativehub.org\/programs\/summers-stars-camp\/","name":"Summers Stars Camp - Hudson Creative Hub","isPartOf":{"@id":"https:\/\/hudsoncreativehub.org\/#website"},"primaryImageOfPage":{"@id":"https:\/\/hudsoncreativehub.org\/programs\/summers-stars-camp\/#primaryimage"},"image":{"@id":"https:\/\/hudsoncreativehub.org\/programs\/summers-stars-camp\/#primaryimage"},"thumbnailUrl":"https:\/\/hudsoncreativehub.org\/wp-content\/uploads\/2026\/04\/Summer-camp-2026-scaled.png","datePublished":"2026-04-11T16:47:58+00:00","dateModified":"2026-04-11T17:08:54+00:00","breadcrumb":{"@id":"https:\/\/hudsoncreativehub.org\/programs\/summers-stars-camp\/#breadcrumb"},"inLanguage":"fr-CA","potentialAction":[{"@type":"ReadAction","target":["https:\/\/hudsoncreativehub.org\/programs\/summers-stars-camp\/"]}]},{"@type":"ImageObject","inLanguage":"fr-CA","@id":"https:\/\/hudsoncreativehub.org\/programs\/summers-stars-camp\/#primaryimage","url":"https:\/\/hudsoncreativehub.org\/wp-content\/uploads\/2026\/04\/Summer-camp-2026-scaled.png","contentUrl":"https:\/\/hudsoncreativehub.org\/wp-content\/uploads\/2026\/04\/Summer-camp-2026-scaled.png"},{"@type":"BreadcrumbList","@id":"https:\/\/hudsoncreativehub.org\/programs\/summers-stars-camp\/#breadcrumb","itemListElement":[{"@type":"ListItem","position":1,"name":"Home","item":"https:\/\/hudsoncreativehub.org\/"},{"@type":"ListItem","position":2,"name":"Programs","item":"https:\/\/hudsoncreativehub.org\/programs\/"},{"@type":"ListItem","position":3,"name":"Summers Stars Camp"}]},{"@type":"WebSite","@id":"https:\/\/hudsoncreativehub.org\/#website","url":"https:\/\/hudsoncreativehub.org\/","name":"Centre Cr\u00e9atif Hudson","description":"Creative Space for the Community","potentialAction":[{"@type":"SearchAction","target":{"@type":"EntryPoint","urlTemplate":"https:\/\/hudsoncreativehub.org\/?s={search_term_string}"},"query-input":{"@type":"PropertyValueSpecification","valueRequired":true,"valueName":"search_term_string"}}],"inLanguage":"fr-CA"}]}},"builder_content":"<img src=\"https:\/\/hudsoncreativehub.org\/wp-content\/uploads\/2026\/04\/Summer-camp-2026-scaled.png\" title=\"Summer camp 2026\" alt=\"Summer camp 2026\" srcset=\"https:\/\/hudsoncreativehub.org\/wp-content\/uploads\/2026\/04\/Summer-camp-2026-scaled.png 1707w, https:\/\/hudsoncreativehub.org\/wp-content\/uploads\/2026\/04\/Summer-camp-2026-200x300.png 200w, https:\/\/hudsoncreativehub.org\/wp-content\/uploads\/2026\/04\/Summer-camp-2026-683x1024.png 683w, https:\/\/hudsoncreativehub.org\/wp-content\/uploads\/2026\/04\/Summer-camp-2026-768x1152.png 768w, https:\/\/hudsoncreativehub.org\/wp-content\/uploads\/2026\/04\/Summer-camp-2026-1024x1536.png 1024w, https:\/\/hudsoncreativehub.org\/wp-content\/uploads\/2026\/04\/Summer-camp-2026-1365x2048.png 1365w, https:\/\/hudsoncreativehub.org\/wp-content\/uploads\/2026\/04\/Summer-camp-2026-8x12.png 8w\" sizes=\"(max-width: 1707px) 100vw, 1707px\" \/>\n<p>\u00a0<\/p> <p>Summer Stars camp is a whirlwind drama camp for ages 9 to 14 years. Students will audition, rehearse, create and perform in two weeks! Each day students will begin with warm ups and drama games to get the blood and brain flowing. On day one we will audition for our play, during lunch children will be cast by instructors, by the end of day one, our first rehearsal will be underway! Children will build their own set, design their own costumes and work together to put on a fully realized performance piece, performed for family and friends on the final day of camp on the Hudson Creative Hub stage!<\/p> <p>Please provide a cold lunch for students, a water bottle, and a snack. The camp is indoors, no need for sunscreen or bug repelent.\u00a0<\/p>\n<a href=\"https:\/\/yonderwindow.co\/\" target=\"_blank\" rel=\"noopener\"> REGISTRATION <\/a>","ticketed":false,"_links":{"self":[{"href":"https:\/\/hudsoncreativehub.org\/fr\/wp-json\/wp\/v2\/pages\/2417","targetHints":{"allow":["GET"]}}],"collection":[{"href":"https:\/\/hudsoncreativehub.org\/fr\/wp-json\/wp\/v2\/pages"}],"about":[{"href":"https:\/\/hudsoncreativehub.org\/fr\/wp-json\/wp\/v2\/types\/page"}],"author":[{"embeddable":true,"href":"https:\/\/hudsoncreativehub.org\/fr\/wp-json\/wp\/v2\/users\/5"}],"replies":[{"embeddable":true,"href":"https:\/\/hudsoncreativehub.org\/fr\/wp-json\/wp\/v2\/comments?post=2417"}],"version-history":[{"count":7,"href":"https:\/\/hudsoncreativehub.org\/fr\/wp-json\/wp\/v2\/pages\/2417\/revisions"}],"predecessor-version":[{"id":2427,"href":"https:\/\/hudsoncreativehub.org\/fr\/wp-json\/wp\/v2\/pages\/2417\/revisions\/2427"}],"up":[{"embeddable":true,"href":"https:\/\/hudsoncreativehub.org\/fr\/wp-json\/wp\/v2\/pages\/1287"}],"wp:attachment":[{"href":"https:\/\/hudsoncreativehub.org\/fr\/wp-json\/wp\/v2\/media?parent=2417"}],"curies":[{"name":"wp","href":"https:\/\/api.w.org\/{rel}","templated":true}]}}