{"id":790,"date":"2024-11-20T15:46:50","date_gmt":"2024-11-20T15:46:50","guid":{"rendered":"hudsoncreativehub.org\/?page_id=790"},"modified":"2024-11-20T15:46:51","modified_gmt":"2024-11-20T15:46:51","slug":"terms-and-conditions","status":"publish","type":"page","link":"https:\/\/hudsoncreativehub.org\/fr\/terms-and-conditions\/","title":{"rendered":"Termes et conditions"},"content":{"rendered":"<h2 class=\"wp-block-heading\">Introduction<\/h2>\n\n\n\n<p>Bienvenue sur notre site web. En y acc\u00e9dant ou en l'utilisant, vous acceptez de vous conformer aux conditions g\u00e9n\u00e9rales suivantes et d'y \u00eatre li\u00e9. Veuillez les lire attentivement.<\/p>\n\n\n\n<h2 class=\"wp-block-heading\">Acceptation des conditions<\/h2>\n\n\n\n<p>En utilisant ce site, vous acceptez les pr\u00e9sentes conditions g\u00e9n\u00e9rales. Si vous n'acceptez pas ces conditions, veuillez ne pas utiliser notre site.<\/p>\n\n\n\n<h2 class=\"wp-block-heading\">Modifications des conditions<\/h2>\n\n\n\n<p>Nous nous r\u00e9servons le droit de modifier ces conditions \u00e0 tout moment. Toute modification sera publi\u00e9e sur cette page, et votre utilisation continue du site vaut acceptation de ces modifications.<\/p>\n\n\n\n<h2 class=\"wp-block-heading\">Utilisation du site<\/h2>\n\n\n\n<p>Vous acceptez d\u2019utiliser le site uniquement \u00e0 des fins licites et d\u2019une mani\u00e8re qui ne porte pas atteinte aux droits d\u2019autrui, ni ne restreint ou n\u2019emp\u00eache l\u2019utilisation et la jouissance du site par quiconque.<\/p>\n\n\n\n<h2 class=\"wp-block-heading\">Propri\u00e9t\u00e9 intellectuelle<\/h2>\n\n\n\n<p>L'ensemble du contenu de ce site, y compris les textes, les graphismes, les logos et les images, est la propri\u00e9t\u00e9 de notre soci\u00e9t\u00e9 ou de ses fournisseurs de contenu et est prot\u00e9g\u00e9 par le droit d'auteur et autres lois sur la propri\u00e9t\u00e9 intellectuelle.<\/p>\n\n\n\n<h2 class=\"wp-block-heading\">Limitation de responsabilit\u00e9<\/h2>\n\n\n\n<p>Nous ne serons pas responsables des dommages d\u00e9coulant de l'utilisation ou de l'impossibilit\u00e9 d'utiliser ce site, y compris, mais sans s'y limiter, les dommages directs, indirects, accessoires, punitifs et cons\u00e9cutifs.<\/p>\n\n\n\n<h2 class=\"wp-block-heading\">Loi applicable<\/h2>\n\n\n\n<p>Les pr\u00e9sentes conditions g\u00e9n\u00e9rales sont r\u00e9gies et interpr\u00e9t\u00e9es conform\u00e9ment aux lois de la juridiction dans laquelle notre soci\u00e9t\u00e9 est \u00e9tablie, et vous vous soumettez irr\u00e9vocablement \u00e0 la comp\u00e9tence exclusive des tribunaux de ce lieu.<\/p>\n\n\n\n<h2 class=\"wp-block-heading\">Contactez-nous<\/h2>\n\n\n\n<p>Si vous avez des questions concernant ces conditions g\u00e9n\u00e9rales, veuillez nous contacter.<\/p>\n\n\n<!-- wp:themify-builder\/canvas \/-->","protected":false},"excerpt":{"rendered":"<p>Introduction Welcome to our website. By accessing or using our site, you agree to comply with and be bound by the following terms and conditions. Please review them carefully. Acceptance [&hellip;]<\/p>","protected":false},"author":1,"featured_media":0,"parent":0,"menu_order":0,"comment_status":"closed","ping_status":"closed","template":"","meta":{"_price":"","_stock":"","_tribe_ticket_header":"","_tribe_default_ticket_provider":"","_tribe_ticket_capacity":"0","_ticket_start_date":"","_ticket_end_date":"","_tribe_ticket_show_description":"","_tribe_ticket_show_not_going":false,"_tribe_ticket_use_global_stock":"","_tribe_ticket_global_stock_level":"","_global_stock_mode":"","_global_stock_cap":"","_tribe_rsvp_for_event":"","_tribe_ticket_going_count":"","_tribe_ticket_not_going_count":"","_tribe_tickets_list":"[]","_tribe_ticket_has_attendee_info_fields":false,"footnotes":"","_tec_slr_enabled":"","_tec_slr_layout":""},"class_list":["post-790","page","type-page","status-publish","hentry","has-post-title","has-post-date","has-post-category","has-post-tag","has-post-comment","has-post-author",""],"yoast_head":"<!-- This site is optimized with the Yoast SEO plugin v27.3 - https:\/\/yoast.com\/product\/yoast-seo-wordpress\/ -->\n<title>Terms and Conditions - Hudson Creative Hub<\/title>\n<meta name=\"robots\" content=\"index, follow, max-snippet:-1, max-image-preview:large, max-video-preview:-1\" \/>\n<link rel=\"canonical\" href=\"https:\/\/hudsoncreativehub.org\/fr\/terms-and-conditions\/\" \/>\n<meta property=\"og:locale\" content=\"fr_CA\" \/>\n<meta property=\"og:type\" content=\"article\" \/>\n<meta property=\"og:title\" content=\"Terms and Conditions - Hudson Creative Hub\" \/>\n<meta property=\"og:description\" content=\"Introduction Welcome to our website. By accessing or using our site, you agree to comply with and be bound by the following terms and conditions. Please review them carefully. Acceptance [&hellip;]\" \/>\n<meta property=\"og:url\" content=\"https:\/\/hudsoncreativehub.org\/fr\/terms-and-conditions\/\" \/>\n<meta property=\"og:site_name\" content=\"Hudson Creative Hub\" \/>\n<meta property=\"article:modified_time\" content=\"2024-11-20T15:46:51+00:00\" \/>\n<meta name=\"twitter:card\" content=\"summary_large_image\" \/>\n<meta name=\"twitter:label1\" content=\"Estimation du temps de lecture\" \/>\n\t<meta name=\"twitter:data1\" content=\"1 minute\" \/>\n<script type=\"application\/ld+json\" class=\"yoast-schema-graph\">{\"@context\":\"https:\\\/\\\/schema.org\",\"@graph\":[{\"@type\":\"WebPage\",\"@id\":\"https:\\\/\\\/hudsoncreativehub.org\\\/terms-and-conditions\\\/\",\"url\":\"https:\\\/\\\/hudsoncreativehub.org\\\/terms-and-conditions\\\/\",\"name\":\"Terms and Conditions - Hudson Creative Hub\",\"isPartOf\":{\"@id\":\"https:\\\/\\\/hudsoncreativehub.org\\\/#website\"},\"datePublished\":\"2024-11-20T15:46:50+00:00\",\"dateModified\":\"2024-11-20T15:46:51+00:00\",\"breadcrumb\":{\"@id\":\"https:\\\/\\\/hudsoncreativehub.org\\\/terms-and-conditions\\\/#breadcrumb\"},\"inLanguage\":\"fr-CA\",\"potentialAction\":[{\"@type\":\"ReadAction\",\"target\":[\"https:\\\/\\\/hudsoncreativehub.org\\\/terms-and-conditions\\\/\"]}]},{\"@type\":\"BreadcrumbList\",\"@id\":\"https:\\\/\\\/hudsoncreativehub.org\\\/terms-and-conditions\\\/#breadcrumb\",\"itemListElement\":[{\"@type\":\"ListItem\",\"position\":1,\"name\":\"Home\",\"item\":\"https:\\\/\\\/hudsoncreativehub.org\\\/\"},{\"@type\":\"ListItem\",\"position\":2,\"name\":\"Terms and Conditions\"}]},{\"@type\":\"WebSite\",\"@id\":\"https:\\\/\\\/hudsoncreativehub.org\\\/#website\",\"url\":\"https:\\\/\\\/hudsoncreativehub.org\\\/\",\"name\":\"Hudson Creative Hub\",\"description\":\"Creative Space for the Community\",\"potentialAction\":[{\"@type\":\"SearchAction\",\"target\":{\"@type\":\"EntryPoint\",\"urlTemplate\":\"https:\\\/\\\/hudsoncreativehub.org\\\/?s={search_term_string}\"},\"query-input\":{\"@type\":\"PropertyValueSpecification\",\"valueRequired\":true,\"valueName\":\"search_term_string\"}}],\"inLanguage\":\"fr-CA\"}]}<\/script>\n<!-- \/ Yoast SEO plugin. -->","yoast_head_json":{"title":"Terms and Conditions - Hudson Creative Hub","robots":{"index":"index","follow":"follow","max-snippet":"max-snippet:-1","max-image-preview":"max-image-preview:large","max-video-preview":"max-video-preview:-1"},"canonical":"https:\/\/hudsoncreativehub.org\/fr\/terms-and-conditions\/","og_locale":"fr_CA","og_type":"article","og_title":"Terms and Conditions - Hudson Creative Hub","og_description":"Introduction Welcome to our website. By accessing or using our site, you agree to comply with and be bound by the following terms and conditions. Please review them carefully. Acceptance [&hellip;]","og_url":"https:\/\/hudsoncreativehub.org\/fr\/terms-and-conditions\/","og_site_name":"Hudson Creative Hub","article_modified_time":"2024-11-20T15:46:51+00:00","twitter_card":"summary_large_image","twitter_misc":{"Estimation du temps de lecture":"1 minute"},"schema":{"@context":"https:\/\/schema.org","@graph":[{"@type":"WebPage","@id":"https:\/\/hudsoncreativehub.org\/terms-and-conditions\/","url":"https:\/\/hudsoncreativehub.org\/terms-and-conditions\/","name":"Terms and Conditions - Hudson Creative Hub","isPartOf":{"@id":"https:\/\/hudsoncreativehub.org\/#website"},"datePublished":"2024-11-20T15:46:50+00:00","dateModified":"2024-11-20T15:46:51+00:00","breadcrumb":{"@id":"https:\/\/hudsoncreativehub.org\/terms-and-conditions\/#breadcrumb"},"inLanguage":"fr-CA","potentialAction":[{"@type":"ReadAction","target":["https:\/\/hudsoncreativehub.org\/terms-and-conditions\/"]}]},{"@type":"BreadcrumbList","@id":"https:\/\/hudsoncreativehub.org\/terms-and-conditions\/#breadcrumb","itemListElement":[{"@type":"ListItem","position":1,"name":"Home","item":"https:\/\/hudsoncreativehub.org\/"},{"@type":"ListItem","position":2,"name":"Terms and Conditions"}]},{"@type":"WebSite","@id":"https:\/\/hudsoncreativehub.org\/#website","url":"https:\/\/hudsoncreativehub.org\/","name":"Centre Cr\u00e9atif Hudson","description":"Creative Space for the Community","potentialAction":[{"@type":"SearchAction","target":{"@type":"EntryPoint","urlTemplate":"https:\/\/hudsoncreativehub.org\/?s={search_term_string}"},"query-input":{"@type":"PropertyValueSpecification","valueRequired":true,"valueName":"search_term_string"}}],"inLanguage":"fr-CA"}]}},"builder_content":"","ticketed":false,"_links":{"self":[{"href":"https:\/\/hudsoncreativehub.org\/fr\/wp-json\/wp\/v2\/pages\/790","targetHints":{"allow":["GET"]}}],"collection":[{"href":"https:\/\/hudsoncreativehub.org\/fr\/wp-json\/wp\/v2\/pages"}],"about":[{"href":"https:\/\/hudsoncreativehub.org\/fr\/wp-json\/wp\/v2\/types\/page"}],"author":[{"embeddable":true,"href":"https:\/\/hudsoncreativehub.org\/fr\/wp-json\/wp\/v2\/users\/1"}],"replies":[{"embeddable":true,"href":"https:\/\/hudsoncreativehub.org\/fr\/wp-json\/wp\/v2\/comments?post=790"}],"version-history":[{"count":3,"href":"https:\/\/hudsoncreativehub.org\/fr\/wp-json\/wp\/v2\/pages\/790\/revisions"}],"predecessor-version":[{"id":793,"href":"https:\/\/hudsoncreativehub.org\/fr\/wp-json\/wp\/v2\/pages\/790\/revisions\/793"}],"wp:attachment":[{"href":"https:\/\/hudsoncreativehub.org\/fr\/wp-json\/wp\/v2\/media?parent=790"}],"curies":[{"name":"wp","href":"https:\/\/api.w.org\/{rel}","templated":true}]}}